{"id":4107,"date":"2021-04-30T23:54:29","date_gmt":"2021-04-30T21:54:29","guid":{"rendered":"https:\/\/casarural.dipixel.es\/cookies-policy\/"},"modified":"2021-04-30T23:54:36","modified_gmt":"2021-04-30T21:54:36","slug":"cookies-policy","status":"publish","type":"page","link":"https:\/\/casaentresueveypicos.com\/en\/cookies-policy\/","title":{"rendered":"Cookies policy"},"content":{"rendered":"<p>In compliance with the provisions of Law 34\/2002 of July 11, Services of the Information Society and Electronic Commerce (LSSICE), we offer you detailed information on the use of cookies on the website, the responsibility of ROSA MAR\u00cdA L\u00d3PEZ MART\u00cdNEZ .<\/p><p><strong>1. What are cookies?<\/strong><\/p><p>Cookies are small files that are created by the websites you visit in order to improve your online experience, and that store information about your browsing on the web on your device. <\/p><p>They can serve very different purposes, such as, for example, recognizing you as a user, obtaining information about your browsing habits, or customizing the way the content of the web is displayed. <\/p><p><strong>2. How can I accept or reject the use of cookies?<\/strong><\/p><p>When accessing our website, you will be shown a summary of the type of cookies you use, and in a simple way you will be able to:<\/p><ul class=\"wp-block-list\"><li><strong>ACCEPT COOKIES:<\/strong> By clicking on this button you will accept the use of all cookies for the purposes described. <\/li><li><strong>CONFIGURE cookies<\/strong>: You can obtain more information about the cookies used, as well as reject and block those that do not have technical purposes. In the case of restricting or blocking cookies, some functionalities of the Web may be reduced.<\/li><\/ul><p><strong>3. What cookies does this Website use?<\/strong><\/p><p>Below you will find a detailed list of the cookies used by our website. If you want more information about the classification of cookies, you will find it from the next section.<\/p><p><strong>Personalization cookies<\/strong><\/p><figure class=\"wp-block-table\"><table><thead><tr><td><strong>Firstname<\/strong><\/td><td><strong>Supplier<\/strong><\/td><td><strong>Purpose<\/strong><\/td><td><strong>Duration<\/strong><\/td><td><strong>Typ<\/strong><\/td><\/tr><\/thead><tbody><tr><td>Viewed_cookie_policy<\/td><td>casaentresueveypicos.com<\/td><td>Registers the acceptance of the cookie policy of the website<\/td><td>1 year<\/td><td>Technical purposes<\/td><\/tr><\/tbody><\/table><\/figure><p><strong>Cookies estad\u00edsticas<\/strong><\/p><p>Statistical cookies help web page owners understand how visitors interact with web pages by collecting and providing information anonymously.<\/p><figure class=\"wp-block-table\"><table><thead><tr><td><strong>Firstname<\/strong><\/td><td><strong>Supplier<\/strong><\/td><td><strong>Purpose<\/strong><\/td><td><strong>Duration<\/strong><\/td><td><strong>Typ<\/strong><\/td><\/tr><\/thead><tbody><tr><td>_ga<\/td><td>Google<\/td><td>Registers a unique identification that is used to generate statistical data about how the visitor uses the website.<\/td><td>2 years<\/td><td>HTTP Cookie<\/td><\/tr><tr><td>_gat<\/td><td>Google<\/td><td>Used by Google Analytics to control the request rate<\/td><td>Session<\/td><td>HTTP Cookie<\/td><\/tr><tr><td>_gid<\/td><td>Google<\/td><td>Registers a unique identification that is used to generate statistical data about how the visitor uses the website.<\/td><td>Session<\/td><td>HTTP Cookie<\/td><\/tr><tr><td>r\/collect<\/td><td>doubleclick.net<\/td><td>It is used to send data to Google Analytics about the device and the behavior of the visitor.<\/td><td>Session<\/td><td>Pixel Tracker<\/td><\/tr><\/tbody><\/table><\/figure><p><strong>4. Extended information on the types of cookies<\/strong><\/p><p>Cookies can be classified into several types, depending on these factors:<\/p><ul class=\"wp-block-list\"><li>Who is responsible<\/li><li>For what purpose are they used<\/li><li>How long the data is stored<\/li><\/ul><p><strong>4.1 According to the entity that manages the cookies<\/strong><\/p><p>Depending on who is the entity that manages the computer or domain from where the cookies are sent and treats the data obtained, we can distinguish between:<\/p><p><strong><em>First-party or own cookies:<br\/><\/em><\/strong>  These are those generated by the website you are visiting.<\/p><p><strong><em>Third-party cookies:<br\/><\/em><\/strong>  These are generated by other websites that have part of the content that you see on the web page you visit, such as advertisements, images or videos. <\/p><p><strong>4.2 According to the purpose for which they are used<\/strong><\/p><p>There are several purposes for which cookies can be used. We can classify them in these purposes:<\/p><p><strong>Techniques:<\/strong> <br\/>They are also called<em>&#8220;strictly necessary&#8221;.<\/em> They allow the user to browse and use the different options or services that exist on the web, such as, for example, identifying the session, accessing parts of restricted access, controlling traffic and data communication, remembering the elements that make up a order or carry out the purchase process, make the request for registration or participation in an event, use security elements while browsing, store content for the dissemination of videos or sound or share content through social networks.<\/p><p><strong>Preferences or customization:<br\/><\/strong> strong, lbAllows you to remember user preferences that can differentiate your experience from other users. For example, when choosing the preferred language of the web page, the display format, the region from which you access, etc.<\/p><p><strong>Analysis or measurement <br\/><\/strong>: They allow the controller to monitor and analyze user behavior on websites. They generate statistics that show anonymous information about the number of visits and interactions made by users on a page. In this way, browsing profiles can be developed in order to introduce improvements, or quantify the impact of advertisements.<\/p><p><strong>Marketing and behavioral advertising: <\/strong><\/p><p>They store information on the behavior of users, obtained through the continuous observation of their browsing habits. The purpose is to develop a specific profile so that the displayed advertising adapts to the possible interests of the user. <\/p><p><strong>4.3 According to the term they remain activated<\/strong><\/p><p>a) <strong><em>Cookies of session<\/em><\/strong>: <\/p><p>They collect and store data while the user accesses a web page. They are usually used to store information that is only interested in keeping for the provision of the service requested by the user on a single occasion (for example, a list of products purchased) and disappear at the end of the session. <\/p><p>b) <strong><em>Persistent Cookies<\/em><\/strong>: <\/p><p>They are those in which the data is still stored in the terminal and can be accessed and processed during a period defined by the person responsible for the cookie. <\/p><p><strong>5. THIRD PARTY SERVICES<\/strong><\/p><p>CASA ENTRE SUEVE Y PICOS is present on third-party portals and services. If you want to know the privacy conditions and use of these cookies, you should consult the policies provided by them:<\/p><p><strong>Facebook: <\/strong> <a href=\"https:\/\/www.facebook.com\/policies\/cookies\/\">https:\/\/www.facebook.com\/policies\/cookies\/<\/a><\/p><p><strong>Twitter: <\/strong><a href=\"https:\/\/twitter.com\/privacy\">https:\/\/twitter.com\/privacy<\/a><br\/><strong>Instagram: <\/strong><a href=\"https:\/\/help.instagram.com\/1896641480634370?ref=ig\">https:\/\/help.instagram.com\/1896641480634370?ref=ig<\/a><\/p><p><strong>LinkedIn: <\/strong><a href=\"https:\/\/www.linkedin.com\/legal\/cookie-policy\">https:\/\/www.linkedin.com\/legal\/cookie-policy<\/a><\/p><p><strong>Youtube: <\/strong><a href=\"https:\/\/www.google.es\/intl\/es\/policies\/technologies\/cookies\/\">https:\/\/www.google.es\/intl\/es\/policies\/technologies\/cookies\/ <\/a> <\/p><p><strong>Google Analytics<\/strong><\/p><p>If you want more information about the use that Google gives to cookies, you can visit its &#8220;Privacy Policy&#8221;, as well as other documents, by accessing these websites:<\/p><figure class=\"wp-block-embed\"><div class=\"wp-block-embed__wrapper\">\nhttps:\/\/policies.google.com\/privacy?hl=es&#038;gl=es\n<\/div><\/figure><figure class=\"wp-block-embed\"><div class=\"wp-block-embed__wrapper\">\nhttps:\/\/policies.google.com\/technologies\/cookies?hl=es\n<\/div><\/figure><p><strong>Disabling plugin for google analytics browsers<\/strong><\/p><p>If you want to reject analytical cookies from Google Analytics in all browsers, so that your information is not sent to Google Analytics, you can download a plug-in that performs this function from this link: <a href=\"https:\/\/tools.google.com\/dlpage\/gaoptout\">https:\/\/tools.google.com\/dlpage\/ gaoptout.<\/a><\/p><p><strong>6. HOW TO MODIFY THE CONFIGURATION OF COOKIES<\/strong><\/p><p>You can modify the purposes allowed in the use of cookies, by going to the cookie configuration center from the initial screen or through this document.<\/p><p>We also inform you that you can restrict, block or delete cookies from any web page using your browser. Since the operation is different in each browser, we indicate the help pages of different browsers that show how to do it:<\/p><p><strong>Internet Explorer:<\/strong> <a href=\"https:\/\/support.microsoft.com\/es-es\/help\/17442\/windows-internet-explorer-delete-manage-cookies#ie=\">https:\/\/support.microsoft.com\/es-es\/help\/17442\/windows-internet-explorer-delete-manage-cookies#ie=<\/a><br\/><strong>FireFox:<\/strong> <a href=\"https:\/\/support.mozilla.org\/es\/kb\/Borrar%20cookies\">https:\/\/support.mozilla.org\/es\/kb\/Borrar%20cookies<\/a><br\/><strong>Chrome: <\/strong><a href=\"https:\/\/support.google.com\/chrome\/answer\/95647?hl=\">support.google.com\/chrome\/answer\/95647?hl=&#8221;es&#8221;<\/a><br\/><strong>Safari:<\/strong> <a href=\"http:\/\/www.apple.com\/es\/privacy\/use-of-cookies\/\">www.apple.com\/es\/privacy\/use-of-cookies\/<\/a> <\/p><p><strong>7. MORE INFORMATION ON THE USE OF PERSONAL DATA<\/strong><\/p><p>For more information about the use we make of your personal data, you<em>can go to our privacy policy or write to:<\/em>info@casaentresueveypicos.com<\/p>","protected":false},"excerpt":{"rendered":"<p>In compliance with the provisions of Law 34\/2002 of July 11, Services of the Information Society and Electronic Commerce (LSSICE), we offer you detailed information on the use of cookies on the website, the responsibility of ROSA MAR\u00cdA L\u00d3PEZ MART\u00cdNEZ . 1. What are cookies? Cookies are small files that are created by the websites [&hellip;]<\/p>\n","protected":false},"author":1,"featured_media":0,"parent":0,"menu_order":0,"comment_status":"closed","ping_status":"closed","template":"","meta":{"_joinchat":[],"footnotes":""},"class_list":["post-4107","page","type-page","status-publish","hentry"],"yoast_head":"<!-- This site is optimized with the Yoast SEO plugin v25.1 - https:\/\/yoast.com\/wordpress\/plugins\/seo\/ -->\n<title>Cookies policy - Casa entre Sueve y Picos<\/title>\n<meta name=\"robots\" content=\"index, follow, max-snippet:-1, max-image-preview:large, max-video-preview:-1\" \/>\n<link rel=\"canonical\" href=\"https:\/\/casaentresueveypicos.com\/en\/cookies-policy\/\" \/>\n<meta property=\"og:locale\" content=\"en_US\" \/>\n<meta property=\"og:type\" content=\"article\" \/>\n<meta property=\"og:title\" content=\"Cookies policy - Casa entre Sueve y Picos\" \/>\n<meta property=\"og:description\" content=\"In compliance with the provisions of Law 34\/2002 of July 11, Services of the Information Society and Electronic Commerce (LSSICE), we offer you detailed information on the use of cookies on the website, the responsibility of ROSA MAR\u00cdA L\u00d3PEZ MART\u00cdNEZ . 1. What are cookies? Cookies are small files that are created by the websites [&hellip;]\" \/>\n<meta property=\"og:url\" content=\"https:\/\/casaentresueveypicos.com\/en\/cookies-policy\/\" \/>\n<meta property=\"og:site_name\" content=\"Casa entre Sueve y Picos\" \/>\n<meta property=\"article:modified_time\" content=\"2021-04-30T21:54:36+00:00\" \/>\n<meta name=\"twitter:card\" content=\"summary_large_image\" \/>\n<meta name=\"twitter:label1\" content=\"Est. reading time\" \/>\n\t<meta name=\"twitter:data1\" content=\"6 minutes\" \/>\n<script type=\"application\/ld+json\" class=\"yoast-schema-graph\">{\"@context\":\"https:\/\/schema.org\",\"@graph\":[{\"@type\":\"WebPage\",\"@id\":\"https:\/\/casaentresueveypicos.com\/en\/cookies-policy\/\",\"url\":\"https:\/\/casaentresueveypicos.com\/en\/cookies-policy\/\",\"name\":\"Cookies policy - Casa entre Sueve y Picos\",\"isPartOf\":{\"@id\":\"https:\/\/casaentresueveypicos.com\/en\/#website\"},\"datePublished\":\"2021-04-30T21:54:29+00:00\",\"dateModified\":\"2021-04-30T21:54:36+00:00\",\"breadcrumb\":{\"@id\":\"https:\/\/casaentresueveypicos.com\/en\/cookies-policy\/#breadcrumb\"},\"inLanguage\":\"en-US\",\"potentialAction\":[{\"@type\":\"ReadAction\",\"target\":[\"https:\/\/casaentresueveypicos.com\/en\/cookies-policy\/\"]}]},{\"@type\":\"BreadcrumbList\",\"@id\":\"https:\/\/casaentresueveypicos.com\/en\/cookies-policy\/#breadcrumb\",\"itemListElement\":[{\"@type\":\"ListItem\",\"position\":1,\"name\":\"Inicio\",\"item\":\"https:\/\/casaentresueveypicos.com\/en\/\"},{\"@type\":\"ListItem\",\"position\":2,\"name\":\"Cookies policy\"}]},{\"@type\":\"WebSite\",\"@id\":\"https:\/\/casaentresueveypicos.com\/en\/#website\",\"url\":\"https:\/\/casaentresueveypicos.com\/en\/\",\"name\":\"Casa entre Sueve y Picos\",\"description\":\"Casa Rural en Arriondas\",\"potentialAction\":[{\"@type\":\"SearchAction\",\"target\":{\"@type\":\"EntryPoint\",\"urlTemplate\":\"https:\/\/casaentresueveypicos.com\/en\/?s={search_term_string}\"},\"query-input\":{\"@type\":\"PropertyValueSpecification\",\"valueRequired\":true,\"valueName\":\"search_term_string\"}}],\"inLanguage\":\"en-US\"}]}<\/script>\n<!-- \/ Yoast SEO plugin. -->","yoast_head_json":{"title":"Cookies policy - Casa entre Sueve y Picos","robots":{"index":"index","follow":"follow","max-snippet":"max-snippet:-1","max-image-preview":"max-image-preview:large","max-video-preview":"max-video-preview:-1"},"canonical":"https:\/\/casaentresueveypicos.com\/en\/cookies-policy\/","og_locale":"en_US","og_type":"article","og_title":"Cookies policy - Casa entre Sueve y Picos","og_description":"In compliance with the provisions of Law 34\/2002 of July 11, Services of the Information Society and Electronic Commerce (LSSICE), we offer you detailed information on the use of cookies on the website, the responsibility of ROSA MAR\u00cdA L\u00d3PEZ MART\u00cdNEZ . 1. What are cookies? Cookies are small files that are created by the websites [&hellip;]","og_url":"https:\/\/casaentresueveypicos.com\/en\/cookies-policy\/","og_site_name":"Casa entre Sueve y Picos","article_modified_time":"2021-04-30T21:54:36+00:00","twitter_card":"summary_large_image","twitter_misc":{"Est. reading time":"6 minutes"},"schema":{"@context":"https:\/\/schema.org","@graph":[{"@type":"WebPage","@id":"https:\/\/casaentresueveypicos.com\/en\/cookies-policy\/","url":"https:\/\/casaentresueveypicos.com\/en\/cookies-policy\/","name":"Cookies policy - Casa entre Sueve y Picos","isPartOf":{"@id":"https:\/\/casaentresueveypicos.com\/en\/#website"},"datePublished":"2021-04-30T21:54:29+00:00","dateModified":"2021-04-30T21:54:36+00:00","breadcrumb":{"@id":"https:\/\/casaentresueveypicos.com\/en\/cookies-policy\/#breadcrumb"},"inLanguage":"en-US","potentialAction":[{"@type":"ReadAction","target":["https:\/\/casaentresueveypicos.com\/en\/cookies-policy\/"]}]},{"@type":"BreadcrumbList","@id":"https:\/\/casaentresueveypicos.com\/en\/cookies-policy\/#breadcrumb","itemListElement":[{"@type":"ListItem","position":1,"name":"Inicio","item":"https:\/\/casaentresueveypicos.com\/en\/"},{"@type":"ListItem","position":2,"name":"Cookies policy"}]},{"@type":"WebSite","@id":"https:\/\/casaentresueveypicos.com\/en\/#website","url":"https:\/\/casaentresueveypicos.com\/en\/","name":"Casa entre Sueve y Picos","description":"Casa Rural en Arriondas","potentialAction":[{"@type":"SearchAction","target":{"@type":"EntryPoint","urlTemplate":"https:\/\/casaentresueveypicos.com\/en\/?s={search_term_string}"},"query-input":{"@type":"PropertyValueSpecification","valueRequired":true,"valueName":"search_term_string"}}],"inLanguage":"en-US"}]}},"_links":{"self":[{"href":"https:\/\/casaentresueveypicos.com\/en\/wp-json\/wp\/v2\/pages\/4107","targetHints":{"allow":["GET"]}}],"collection":[{"href":"https:\/\/casaentresueveypicos.com\/en\/wp-json\/wp\/v2\/pages"}],"about":[{"href":"https:\/\/casaentresueveypicos.com\/en\/wp-json\/wp\/v2\/types\/page"}],"author":[{"embeddable":true,"href":"https:\/\/casaentresueveypicos.com\/en\/wp-json\/wp\/v2\/users\/1"}],"replies":[{"embeddable":true,"href":"https:\/\/casaentresueveypicos.com\/en\/wp-json\/wp\/v2\/comments?post=4107"}],"version-history":[{"count":5,"href":"https:\/\/casaentresueveypicos.com\/en\/wp-json\/wp\/v2\/pages\/4107\/revisions"}],"predecessor-version":[{"id":4112,"href":"https:\/\/casaentresueveypicos.com\/en\/wp-json\/wp\/v2\/pages\/4107\/revisions\/4112"}],"wp:attachment":[{"href":"https:\/\/casaentresueveypicos.com\/en\/wp-json\/wp\/v2\/media?parent=4107"}],"curies":[{"name":"wp","href":"https:\/\/api.w.org\/{rel}","templated":true}]}}