{"id":4054,"date":"2021-04-30T08:13:00","date_gmt":"2021-04-30T06:13:00","guid":{"rendered":"https:\/\/casarural.dipixel.es\/online-booking\/your-booking-is-confirmed\/"},"modified":"2021-04-30T08:13:01","modified_gmt":"2021-04-30T06:13:01","slug":"your-booking-is-confirmed","status":"publish","type":"page","link":"https:\/\/casaentresueveypicos.com\/en\/online-booking\/your-booking-is-confirmed\/","title":{"rendered":"Your booking is confirmed."},"content":{"rendered":"\t\t<div data-elementor-type=\"wp-page\" data-elementor-id=\"4054\" class=\"elementor elementor-4054 elementor-439\" data-elementor-post-type=\"page\">\n\t\t\t\t\t\t<section class=\"elementor-section elementor-top-section elementor-element elementor-element-6905ab56 elementor-section-boxed elementor-section-height-default elementor-section-height-default\" data-id=\"6905ab56\" data-element_type=\"section\">\n\t\t\t\t\t\t<div class=\"elementor-container elementor-column-gap-default\">\n\t\t\t\t\t<div class=\"elementor-column elementor-col-100 elementor-top-column elementor-element elementor-element-92b61fe\" data-id=\"92b61fe\" data-element_type=\"column\">\n\t\t\t<div class=\"elementor-widget-wrap elementor-element-populated\">\n\t\t\t\t\t\t<div class=\"elementor-element elementor-element-842cca1 elementor-widget elementor-widget-heading\" data-id=\"842cca1\" data-element_type=\"widget\" data-widget_type=\"heading.default\">\n\t\t\t\t<div class=\"elementor-widget-container\">\n\t\t\t\t\t<h1 class=\"elementor-heading-title elementor-size-default\">Your booking is confirmed<\/h1>\t\t\t\t<\/div>\n\t\t\t\t<\/div>\n\t\t\t\t<div class=\"elementor-element elementor-element-4a293726 elementor-widget elementor-widget-text-editor\" data-id=\"4a293726\" data-element_type=\"widget\" data-widget_type=\"text-editor.default\">\n\t\t\t\t<div class=\"elementor-widget-container\">\n\t\t\t\t\t\t\t\t\t<p>We are pleased to inform you that your reservation request has been received and confirmed. En breve recibir\u00e1 la informaci\u00f3n de su reserva por correo electr\u00f3nico. In case of any query, delay or incident, contact us on the phone.<\/p>\n<p><a href=\"tel:+34649425505\">+34 649 425 505<\/a> or by writing an email to the address<br \/>\n<a href=\"mailto:info@casaentresueveypicos.com\">info@casaentresueveypicos.com<\/a><\/p>\n\t\t\t\t\t\t\t\t<\/div>\n\t\t\t\t<\/div>\n\t\t\t\t\t<\/div>\n\t\t<\/div>\n\t\t\t\t\t<\/div>\n\t\t<\/section>\n\t\t\t\t<\/div>\n\t\t","protected":false},"excerpt":{"rendered":"<p>Your booking is confirmed We are pleased to inform you that your reservation request has been received and confirmed. En breve recibir\u00e1 la informaci\u00f3n de su reserva por correo electr\u00f3nico. In case of any query, delay or incident, contact us on the phone. +34 649 425 505 or by writing an email to the address [&hellip;]<\/p>\n","protected":false},"author":1,"featured_media":0,"parent":4026,"menu_order":0,"comment_status":"closed","ping_status":"closed","template":"","meta":{"_joinchat":[],"footnotes":""},"class_list":["post-4054","page","type-page","status-publish","hentry"],"yoast_head":"<!-- This site is optimized with the Yoast SEO plugin v25.1 - https:\/\/yoast.com\/wordpress\/plugins\/seo\/ -->\n<title>Your booking is confirmed. - Casa entre Sueve y Picos<\/title>\n<meta name=\"robots\" content=\"index, follow, max-snippet:-1, max-image-preview:large, max-video-preview:-1\" \/>\n<link rel=\"canonical\" href=\"https:\/\/casaentresueveypicos.com\/en\/online-booking\/your-booking-is-confirmed\/\" \/>\n<meta property=\"og:locale\" content=\"en_US\" \/>\n<meta property=\"og:type\" content=\"article\" \/>\n<meta property=\"og:title\" content=\"Your booking is confirmed. - Casa entre Sueve y Picos\" \/>\n<meta property=\"og:description\" content=\"Your booking is confirmed We are pleased to inform you that your reservation request has been received and confirmed. En breve recibir\u00e1 la informaci\u00f3n de su reserva por correo electr\u00f3nico. In case of any query, delay or incident, contact us on the phone. +34 649 425 505 or by writing an email to the address [&hellip;]\" \/>\n<meta property=\"og:url\" content=\"https:\/\/casaentresueveypicos.com\/en\/online-booking\/your-booking-is-confirmed\/\" \/>\n<meta property=\"og:site_name\" content=\"Casa entre Sueve y Picos\" \/>\n<meta property=\"article:modified_time\" content=\"2021-04-30T06:13:01+00:00\" \/>\n<meta name=\"twitter:card\" content=\"summary_large_image\" \/>\n<script type=\"application\/ld+json\" class=\"yoast-schema-graph\">{\"@context\":\"https:\/\/schema.org\",\"@graph\":[{\"@type\":\"WebPage\",\"@id\":\"https:\/\/casaentresueveypicos.com\/en\/online-booking\/your-booking-is-confirmed\/\",\"url\":\"https:\/\/casaentresueveypicos.com\/en\/online-booking\/your-booking-is-confirmed\/\",\"name\":\"Your booking is confirmed. - Casa entre Sueve y Picos\",\"isPartOf\":{\"@id\":\"https:\/\/casaentresueveypicos.com\/en\/#website\"},\"datePublished\":\"2021-04-30T06:13:00+00:00\",\"dateModified\":\"2021-04-30T06:13:01+00:00\",\"breadcrumb\":{\"@id\":\"https:\/\/casaentresueveypicos.com\/en\/online-booking\/your-booking-is-confirmed\/#breadcrumb\"},\"inLanguage\":\"en-US\",\"potentialAction\":[{\"@type\":\"ReadAction\",\"target\":[\"https:\/\/casaentresueveypicos.com\/en\/online-booking\/your-booking-is-confirmed\/\"]}]},{\"@type\":\"BreadcrumbList\",\"@id\":\"https:\/\/casaentresueveypicos.com\/en\/online-booking\/your-booking-is-confirmed\/#breadcrumb\",\"itemListElement\":[{\"@type\":\"ListItem\",\"position\":1,\"name\":\"Inicio\",\"item\":\"https:\/\/casaentresueveypicos.com\/en\/\"},{\"@type\":\"ListItem\",\"position\":2,\"name\":\"Online booking\",\"item\":\"https:\/\/casaentresueveypicos.com\/en\/online-booking\/\"},{\"@type\":\"ListItem\",\"position\":3,\"name\":\"Your booking is confirmed.\"}]},{\"@type\":\"WebSite\",\"@id\":\"https:\/\/casaentresueveypicos.com\/en\/#website\",\"url\":\"https:\/\/casaentresueveypicos.com\/en\/\",\"name\":\"Casa entre Sueve y Picos\",\"description\":\"Casa Rural en Arriondas\",\"potentialAction\":[{\"@type\":\"SearchAction\",\"target\":{\"@type\":\"EntryPoint\",\"urlTemplate\":\"https:\/\/casaentresueveypicos.com\/en\/?s={search_term_string}\"},\"query-input\":{\"@type\":\"PropertyValueSpecification\",\"valueRequired\":true,\"valueName\":\"search_term_string\"}}],\"inLanguage\":\"en-US\"}]}<\/script>\n<!-- \/ Yoast SEO plugin. -->","yoast_head_json":{"title":"Your booking is confirmed. - Casa entre Sueve y Picos","robots":{"index":"index","follow":"follow","max-snippet":"max-snippet:-1","max-image-preview":"max-image-preview:large","max-video-preview":"max-video-preview:-1"},"canonical":"https:\/\/casaentresueveypicos.com\/en\/online-booking\/your-booking-is-confirmed\/","og_locale":"en_US","og_type":"article","og_title":"Your booking is confirmed. - Casa entre Sueve y Picos","og_description":"Your booking is confirmed We are pleased to inform you that your reservation request has been received and confirmed. En breve recibir\u00e1 la informaci\u00f3n de su reserva por correo electr\u00f3nico. In case of any query, delay or incident, contact us on the phone. +34 649 425 505 or by writing an email to the address [&hellip;]","og_url":"https:\/\/casaentresueveypicos.com\/en\/online-booking\/your-booking-is-confirmed\/","og_site_name":"Casa entre Sueve y Picos","article_modified_time":"2021-04-30T06:13:01+00:00","twitter_card":"summary_large_image","schema":{"@context":"https:\/\/schema.org","@graph":[{"@type":"WebPage","@id":"https:\/\/casaentresueveypicos.com\/en\/online-booking\/your-booking-is-confirmed\/","url":"https:\/\/casaentresueveypicos.com\/en\/online-booking\/your-booking-is-confirmed\/","name":"Your booking is confirmed. - Casa entre Sueve y Picos","isPartOf":{"@id":"https:\/\/casaentresueveypicos.com\/en\/#website"},"datePublished":"2021-04-30T06:13:00+00:00","dateModified":"2021-04-30T06:13:01+00:00","breadcrumb":{"@id":"https:\/\/casaentresueveypicos.com\/en\/online-booking\/your-booking-is-confirmed\/#breadcrumb"},"inLanguage":"en-US","potentialAction":[{"@type":"ReadAction","target":["https:\/\/casaentresueveypicos.com\/en\/online-booking\/your-booking-is-confirmed\/"]}]},{"@type":"BreadcrumbList","@id":"https:\/\/casaentresueveypicos.com\/en\/online-booking\/your-booking-is-confirmed\/#breadcrumb","itemListElement":[{"@type":"ListItem","position":1,"name":"Inicio","item":"https:\/\/casaentresueveypicos.com\/en\/"},{"@type":"ListItem","position":2,"name":"Online booking","item":"https:\/\/casaentresueveypicos.com\/en\/online-booking\/"},{"@type":"ListItem","position":3,"name":"Your booking is confirmed."}]},{"@type":"WebSite","@id":"https:\/\/casaentresueveypicos.com\/en\/#website","url":"https:\/\/casaentresueveypicos.com\/en\/","name":"Casa entre Sueve y Picos","description":"Casa Rural en Arriondas","potentialAction":[{"@type":"SearchAction","target":{"@type":"EntryPoint","urlTemplate":"https:\/\/casaentresueveypicos.com\/en\/?s={search_term_string}"},"query-input":{"@type":"PropertyValueSpecification","valueRequired":true,"valueName":"search_term_string"}}],"inLanguage":"en-US"}]}},"_links":{"self":[{"href":"https:\/\/casaentresueveypicos.com\/en\/wp-json\/wp\/v2\/pages\/4054","targetHints":{"allow":["GET"]}}],"collection":[{"href":"https:\/\/casaentresueveypicos.com\/en\/wp-json\/wp\/v2\/pages"}],"about":[{"href":"https:\/\/casaentresueveypicos.com\/en\/wp-json\/wp\/v2\/types\/page"}],"author":[{"embeddable":true,"href":"https:\/\/casaentresueveypicos.com\/en\/wp-json\/wp\/v2\/users\/1"}],"replies":[{"embeddable":true,"href":"https:\/\/casaentresueveypicos.com\/en\/wp-json\/wp\/v2\/comments?post=4054"}],"version-history":[{"count":1,"href":"https:\/\/casaentresueveypicos.com\/en\/wp-json\/wp\/v2\/pages\/4054\/revisions"}],"predecessor-version":[{"id":4055,"href":"https:\/\/casaentresueveypicos.com\/en\/wp-json\/wp\/v2\/pages\/4054\/revisions\/4055"}],"up":[{"embeddable":true,"href":"https:\/\/casaentresueveypicos.com\/en\/wp-json\/wp\/v2\/pages\/4026"}],"wp:attachment":[{"href":"https:\/\/casaentresueveypicos.com\/en\/wp-json\/wp\/v2\/media?parent=4054"}],"curies":[{"name":"wp","href":"https:\/\/api.w.org\/{rel}","templated":true}]}}