{"id":4301,"date":"2021-05-04T11:45:20","date_gmt":"2021-05-04T09:45:20","guid":{"rendered":"https:\/\/casarural.dipixel.es\/datenschutz-bestimmungen\/"},"modified":"2021-05-04T11:45:27","modified_gmt":"2021-05-04T09:45:27","slug":"datenschutz-bestimmungen","status":"publish","type":"page","link":"https:\/\/casaentresueveypicos.com\/de\/datenschutz-bestimmungen\/","title":{"rendered":"Datenschutz-Bestimmungen"},"content":{"rendered":"<p>Bei <strong>CASA ENTRE SUEVE Y PICOS<\/strong> sind wir uns des Schutzes personenbezogener Daten von Internetnutzern bewusst, die auf unsere Website zugreifen und unsere Dienste nutzen.<\/p>\n<p>Durch unsere Datenschutzrichtlinie bieten wir Ihnen alle Informationen, damit Sie leicht wissen, wie wir Ihre pers\u00f6nlichen Daten auf unserer Website behandeln, sowie die Verfahren zur Aus\u00fcbung der Rechte, die Ihnen die Bestimmungen verleihen.<\/p>\n<p><strong>1. ZUSAMMENFASSUNG UNSERER DATENSCHUTZRICHTLINIEN<\/strong><\/p>\n<table width=\"575\">\n<tbody>\n<tr>\n<td colspan=\"2\" width=\"575\"><strong>GRUNDLEGENDE INFORMATIONEN ZUM SCHUTZ VON PERS\u00d6NLICHEN DATEN<\/strong><\/td>\n<\/tr>\n<tr>\n<td width=\"111\"><strong>VERANTWORTLICH<\/strong><\/td>\n<td width=\"464\">ROSA MAR\u00cdA L\u00d3PEZ MART\u00cdNEZ (im Folgenden &#8222;HAUS ENTRE SUEVE UND PICOS&#8220;)<\/p>\n<p>Barrio Castrada, 43-B . 33548, Cuadrove\u00f1a \u2013 Arriondas (Asturias), Espa\u00f1a. Kontakt: <em>info@casaentresueveypicos.com<\/em><\/td>\n<\/tr>\n<tr>\n<td width=\"111\"><strong>ZWECKE<\/strong><\/td>\n<td width=\"464\"><strong>Basierend auf unserem Vertragsverh\u00e4ltnis:<\/strong><\/p>\n<p>Verwalten der Beziehung, die wir zu unseren Kunden und \/ oder Lieferanten haben.<\/p>\n<p><strong>Basierend auf unseren gesetzlichen Verpflichtungen:<\/strong><\/p>\n<p>Einhaltung der Gesetze zur Sicherheit der B\u00fcrger und zur Aufrechterhaltung der Einreise und Registrierung von Reisenden in Gastgewerbebetrieben.<\/p>\n<p><strong>Basierend auf berechtigtem Interesse:<\/strong><\/p>\n<p>Antwort auf Informationsanfragen, die \u00fcber unser Kontaktformular eingehen, wenn es sich nicht um vertragliche Anfragen handelt.<\/p>\n<p>Informieren Sie unsere Kunden \u00fcber Produkte oder Dienstleistungen, die denen \u00e4hneln, die Gegenstand der Beziehung sind.<\/p>\n<p>Analyse der Benutzerfreundlichkeit und Qualit\u00e4t unserer Website.<\/p>\n<p><strong>Mit Zustimmung des Interessenten:<\/strong><\/p>\n<p>Senden von kommerziellen Mitteilungen auf elektronischem Wege, wenn diese nicht auf der Grundlage der vorherigen Beziehung oder einer Anfrage der interessierten Person erfolgen.<\/td>\n<\/tr>\n<tr>\n<td width=\"111\"><strong>ERHALTUNG<\/strong><\/td>\n<td width=\"464\">Sie werden so lange aufbewahrt, wie es f\u00fcr ihren Zweck erforderlich ist, bis sie die gesetzlichen Mindestfristen einhalten oder bis die interessierte Person ihre L\u00f6schung beantragt.<\/td>\n<\/tr>\n<tr>\n<td width=\"111\"><strong>EMPF\u00c4NGER<\/strong><\/td>\n<td width=\"464\">Ihre Daten werden nicht an andere Unternehmen \u00fcbertragen, es sei denn, es ist erforderlich, den von Ihnen angeforderten Dienst zu verwalten, oder wenn dies durch eine gesetzliche Bestimmung erm\u00f6glicht wird.<\/td>\n<\/tr>\n<tr>\n<td width=\"111\"><strong>RECHTE<\/strong><\/td>\n<td width=\"464\">Sie haben das Recht, auf Ihre Daten zuzugreifen, sie zu korrigieren, zu l\u00f6schen, zu portieren, ihre Behandlung f\u00fcr kommerzielle Zwecke einzuschr\u00e4nken oder abzulehnen und die erteilte Einwilligung zu widerrufen. Um sie auszu\u00fcben, k\u00f6nnen Sie eine Email an die Adresse <em>info@casaentresueveypicos.com<\/em> schreiben.<\/td>\n<\/tr>\n<tr>\n<td width=\"111\"><strong>ZUS\u00c4TZLICHE INFORMATION<\/strong><\/td>\n<td width=\"464\">Sie k\u00f6nnen zus\u00e4tzliche Informationen zu unserer &#8222;Datenschutzrichtlinie&#8220; anfordern, indem Sie an<em>info@casaentresueveypicos.com<\/em>schreiben<\/td>\n<\/tr>\n<\/tbody>\n<\/table>\n<p><strong>2. WER IST F\u00dcR DIE BEHANDLUNG MEINER PERS\u00d6NLICHEN DATEN VERANTWORTLICH?<\/strong><\/p>\n<p>Wir geben die Daten der &#8222;Verantwortlichen f\u00fcr die Behandlung&#8220; personenbezogener Daten an:<\/p>\n<p>Verantwortlich: ROSA MAR\u00cdA L\u00d3PEZ MART\u00cdNEZ<\/p>\n<p>Ausweis-Nr.: 53350221K<\/p>\n<p>Barrio Castrada, 43-B . 33548, Cuadrove\u00f1a \u2013 Arriondas (Asturias), Espa\u00f1a<\/p>\n<p>Telefonischer Kontakt: 649425505<\/p>\n<p>Email:<em> info@casaentresueveypicos.com<\/em><\/p>\n<p><strong>3. AUS WELCHEM GRUND WERDEN MEINE DATEN VERWENDET UND ZU WELCHEM ZWECK?<\/strong><\/p>\n<p>Bei <strong>CASA ENTRE SUEVE Y PICOs<\/strong>verarbeiten wir Ihre personenbezogenen Daten, um die von Ihnen angeforderten und \/ oder mit uns abgeschlossenen Dienstleistungen zu verwalten und Sie \u00fcber unsere Produkte zu informieren.<\/p>\n<p><strong>Zwecke, die auf dem Vertragsverh\u00e4ltnis beruhen <\/strong><\/p>\n<ul>\n<li>Die Aktivit\u00e4ten, die auf einer Vereinbarung oder einem Vertrag basieren, sind diejenigen, die wir im Bereich der Verwaltung unserer Kunden und Lieferanten ausf\u00fchren. Zwecke, die auf dem Vertragsverh\u00e4ltnis beruhen.<\/li>\n<li>Verwaltung von Anfragen, Vorf\u00e4llen und Anspr\u00fcchen, die \u00fcber das Kontaktformular an uns gerichtet sind, wenn sie sich auf Bestellungen oder Anfragen unserer Kunden beziehen. In diesem Fall ist es f\u00fcr die Ausf\u00fchrung des Kaufvertrags erforderlich.<\/li>\n<\/ul>\n<p><strong>Zwecke, die auf unseren gesetzlichen Verpflichtungen beruhen<\/strong><\/p>\n<ul>\n<li>Einhaltung der Gesetze zur Sicherheit der B\u00fcrger und zur Aufrechterhaltung der Einreise und Registrierung von Reisenden in Gastgewerbebetrieben (Verordnung INT \/ 1922\/2003 und LO 4\/2015)<\/li>\n<\/ul>\n<p><strong>Zwecke, die auf einem berechtigten Interesse beruhen<\/strong><\/p>\n<ul>\n<li><strong>Kundendienst<\/strong><\/li>\n<\/ul>\n<p>Beantworten der Antr\u00e4ge nach Informationen oder Anfragen, die Sie \u00fcber die verschiedenen vorhandenen Kontaktmittel, einschlie\u00dflich Formulare, an uns richten. Diese Behandlung dieser Daten erm\u00f6glicht es uns, Sie angemessen zu unterst\u00fctzen und die aufgeworfenen Fragen zu l\u00f6sen, sodass dies zu Ihrem Vorteil ist.<\/p>\n<ul>\n<li><strong>Informieren unserer Kunden \u00fcber Produkte oder Dienstleistungen, die denen \u00e4hneln, die Gegenstand der Beziehung sind<\/strong><\/li>\n<\/ul>\n<p>Ihre Daten k\u00f6nnen verarbeitet werden, um Werbemitteilungen zu senden, sofern sie sich auf Produkte und \/ oder Dienstleistungen beziehen, deren Kunde Sie sind. Diese Mitteilungen k\u00f6nnen an die Daten gerichtet sein, die Sie als Kontaktmittel angegeben haben, z. B. E-Mail, Telefon oder Postanschrift<\/p>\n<p><strong>Sie k\u00f6nnen jederzeit von Anfang an von Ihrem Recht Gebrauch machen, der Verwendung Ihrer pers\u00f6nlichen Daten f\u00fcr Werbezwecke zu widersprechen, indem Sie an schreiben <em>info@casaentresueveypicos.com<\/em><\/strong><\/p>\n<ul>\n<li><strong>Analyse der Benutzerfreundlichkeit und Qualit\u00e4t unserer Einkaufsplattform. <\/strong><\/li>\n<\/ul>\n<p>Um die Benutzererfahrung zu verbessern und einen qualitativ hochwertigeren Service anzubieten, k\u00f6nnen wir die Benutzerfreundlichkeit der Plattform und den Grad der Benutzerzufriedenheit analysieren.<\/p>\n<p><strong>Zustimmungszwecke<\/strong><\/p>\n<ul>\n<li><strong>Senden von Newslettern<\/strong>an die angegebene E-Mail-Adresse, \u00fcber die kommerzielle Kampagnen geleitet werden. In diesem Fall wird es durch die Gesch\u00e4ftsbeziehung nicht legitimiert, daher bitten wir Sie im Voraus um Ihre Zustimmung, um Sie \u00fcber unsere Produkte, Dienstleistungen und damit verbundenen Werbeaktionen zu informieren.<\/li>\n<\/ul>\n<p>Wir informieren Sie, dass wir <strong>KEINE automatisierten Entscheidungen<\/strong> auf der Grundlage der von Ihnen bereitgestellten Informationen treffen. Sollten sich in Zukunft \u00c4nderungen ergeben, werden wir Sie vorab um Ihre Zustimmung bitten.<\/p>\n<p><strong>4. WELCHER DATENTYP WIRD VERARBEITET?<\/strong><\/p>\n<p>Um unserer Verpflichtung nachzukommen, werden wir Daten verarbeiten, die diese Kategorien umfassen: Identifizierungsdaten, Kontaktdaten und andere Daten in den Bereichen Handel, Buchhaltung und Steuern.<\/p>\n<p>Dar\u00fcber hinaus k\u00f6nnen unsere Systeme Verbindungs- und Navigationsdaten f\u00fcr technische, analytische und statistische Zwecke speichern, um Verbesserungen an unserer Plattform vorzunehmen, die es uns erm\u00f6glichen, die Benutzererfahrung zu verbessern. Informationen dar\u00fcber, wie wir den Datentyp verwenden, finden Sie in unserer &#8222;Cookie-Richtlinie&#8220;, die Sie m\u00f6glicherweise bei Ihrer ersten Verbindung gesehen haben, oder konsultieren Sie diese unten auf dieser Seite.<\/p>\n<p><strong>5. WIE WERDEN MEINE DATEN ERHALTEN?<\/strong><\/p>\n<p>Die Daten, die wir zur Erf\u00fcllung unseres Dienstes ben\u00f6tigen, werden direkt oder indirekt aus den vom Benutzer selbst bereitgestellten Informationen gewonnen. Zum Beispiel, wenn Sie die auf unserer Website aktivierten Formulare verwenden oder wenn Sie uns pers\u00f6nlich Informationen zur Verf\u00fcgung stellen oder an unsere physische Zentrale weiterleiten.<\/p>\n<p><strong>6. WIE LANGE WERDEN MEINE DATEN AUFBEWAHRT?<\/strong><\/p>\n<p>In <strong>CASA ENTRE SUEVE Y PICOS<\/strong>werden Ihre Daten nur f\u00fcr die Zeit gespeichert, die zur Erf\u00fcllung des beschriebenen Zwecks erforderlich ist. Wenn sie f\u00fcr ihren Zweck nicht mehr ben\u00f6tigt werden, werden sie blockiert (sie werden in keiner Weise verwendet).<\/p>\n<p>Wenn wir sie sperren, k\u00f6nnen wir Anspr\u00fcche bearbeiten und die durch unseren Service und die Verwendung Ihrer personenbezogenen Daten \u00fcbernommenen Verantwortlichkeiten erf\u00fcllen.<\/p>\n<p>Andererseits m\u00fcssen wir die Erhaltungsfristen einhalten, die es uns erm\u00f6glichen, unseren gesetzlichen und steuerlichen Verpflichtungen nachzukommen. Im Fall der Daten, die zur Abrechnung einer Dienstleistung erhoben werden, werden diese ab der letzten Rechnung mindestens 5 Jahre lang aufbewahrt.<\/p>\n<p><strong>7. IST ES NOTWENDIG, MEINE DATEN ZUR VERF\u00dcGUNG ZU STELLEN?<\/strong><\/p>\n<p>Die in Formularen enthaltenen Informationen sind wichtig, um den angeforderten Service zu verwalten, Ihre Informationsanfrage zu erf\u00fcllen oder sich f\u00fcr unsere Newsletter zu registrieren (falls zutreffend). Zum Beispiel sind Ihre Identifikationsdaten erforderlich, um die Rechnung zu erstellen und unseren steuerlichen Verpflichtungen nachzukommen. Wenn Sie Ihre Kontaktinformationen nicht angeben, k\u00f6nnen wir Ihnen das von Ihnen angeforderte Produkt nicht senden.<\/p>\n<p><strong>8. WER ERH\u00c4LT MEINE DATEN?<\/strong><\/p>\n<p>Wir werden Ihre Daten nicht an andere Unternehmen oder Personen weitergeben, es sei denn, dies ist f\u00fcr die Bereitstellung des von Ihnen angeforderten Dienstes erforderlich, dass ein Gesetz dies von uns verlangt oder dass Sie uns dies zuvor gestatten. In jedem Fall werden sie nur \u00fcbermittelt, um den Zweck oder die Zwecke zu erf\u00fcllen, f\u00fcr die Sie uns Ihre Daten gegeben haben, und wir werden sie nicht in einer anderen Weise verwenden, die ihnen widerspricht.<\/p>\n<p>Beispielsweise ist es manchmal m\u00f6glich, dass einige Drittanbieter zusammenarbeiten, die Zugriff auf Ihre pers\u00f6nlichen Daten haben und diese im Namen und im Auftrag von <strong>CASA ENTRE SUEVE Y PICOS<\/strong> f\u00fcr die Bereitstellung ihrer Dienste verarbeiten. Insbesondere und beispielhaft und ohne Einschr\u00e4nkung erbringen die oben genannten Anbieter ihre Dienstleistungen in den folgenden Sektoren: Logistik- und Transportdienstleistungen, Buchhaltung und Steuerberatung, Unternehmen, die technologische und \/ oder Computerdienstleistungen erbringen, einschlie\u00dflich Support und Wartung unserer Website &#8230;<\/p>\n<p>Unsere Webseiten werden auf nationalen Servern gehostet, daher informieren wir Sie, dass wir keine internationalen Daten\u00fcbertragungen durchf\u00fchren. Wenn es notwendig w\u00e4re, einen bestimmten Service zu verwalten, w\u00fcrden diese auf der Grundlage von Angemessenheitsentscheidungen, Garantien, verbindlichen Unternehmensvorschriften oder bestimmten anwendbaren Situationen getroffen, und wir w\u00fcrden Sie dar\u00fcber informieren.<\/p>\n<p><strong>9. WELCHE RECHTE HABE ICH IN BEZUG AUF DIE VERWENDUNG MEINER PERS\u00d6NLICHEN DATEN?<\/strong><\/p>\n<p>Jede Person hat die Kontrolle \u00fcber ihre pers\u00f6nlichen Daten. In unserem Unternehmen k\u00f6nnen Sie die folgenden Rechte KOSTENLOS aus\u00fcben:<\/p>\n<table>\n<tbody>\n<tr>\n<td width=\"144\"><strong>Zugang<\/strong><\/td>\n<td width=\"442\">Sie k\u00f6nnen \u00fcberpr\u00fcfen, welche pers\u00f6nlichen Daten wir \u00fcber Sie aufbewahren.<\/td>\n<\/tr>\n<tr>\n<td width=\"144\"><strong>Berichtigung<\/strong><\/td>\n<td width=\"442\">Sie k\u00f6nnen Ihre pers\u00f6nlichen Daten korrigieren oder \u00e4ndern, wenn sie nicht korrekt sind.<\/td>\n<\/tr>\n<tr>\n<td width=\"144\"><strong>L\u00f6schen<\/strong><\/td>\n<td width=\"442\">Sie k\u00f6nnen uns bitten, Ihre pers\u00f6nlichen Daten zu l\u00f6schen<\/td>\n<\/tr>\n<tr>\n<td width=\"144\"><strong>Gegensatz<\/strong><\/td>\n<td width=\"442\">Sie k\u00f6nnen verlangen, dass wir die Verarbeitung Ihrer pers\u00f6nlichen Daten einstellen. Sie k\u00f6nnen der Verwendung Ihrer Daten f\u00fcr den Erhalt von Werbemitteilungen widersprechen.<\/td>\n<\/tr>\n<tr>\n<td width=\"144\"><strong>Einschr\u00e4nkung der Verarbeitung<\/strong><\/td>\n<td width=\"442\">Sie k\u00f6nnen dieses Recht in folgenden F\u00e4llen aus\u00fcben:<\/p>\n<p>\u00b7 Wenn wir Ihre Daten nicht mehr verarbeiten m\u00fcssen, Sie sie jedoch zur Aus\u00fcbung oder Verteidigung von Anspr\u00fcchen ben\u00f6tigen.<\/p>\n<p>Wenn Sie sich der Verarbeitung Ihrer Daten zur Befriedigung eines berechtigten Interesses widersetzt haben und gleichzeitig pr\u00fcfen, ob die berechtigten Gr\u00fcnde f\u00fcr die Behandlung Vorrang vor Ihren haben<\/p>\n<p>. Wenn die Behandlung illegal ist, Sie sich jedoch gegen die L\u00f6schung der Daten aussprechen<\/p>\n<p>. W\u00e4hrend die Herausforderung f\u00fcr die Richtigkeit Ihrer Daten \u00fcberpr\u00fcft wird<\/td>\n<\/tr>\n<tr>\n<td width=\"144\"><strong>Portabilit\u00e4t<\/strong><\/td>\n<td width=\"442\">Sie k\u00f6nnen die von Ihnen zur Verf\u00fcgung gestellten personenbezogenen Daten und die aus Ihrem Vertragsverh\u00e4ltnis mit uns erhaltenen personenbezogenen Daten in elektronischer Form anfordern, empfangen und an eine andere Stelle \u00fcbermitteln.<\/td>\n<\/tr>\n<\/tbody>\n<\/table>\n<p>F\u00fcr die Zwecke, f\u00fcr die Sie Ihre Einwilligung erteilt haben, haben Sie das Recht, sie zu widerrufen, ohne die Rechtm\u00e4\u00dfigkeit der Behandlung zu beeintr\u00e4chtigen. Sie k\u00f6nnen jedes dieser Rechte auf einfache und kostenlose Weise aus\u00fcben, indem Sie eine E-Mail an <em>info@casaentresueveypicos.com<\/em> schreiben oder per Post zu unserem Hauptsitz gehen. In beiden F\u00e4llen m\u00fcssen Sie Ihre Identit\u00e4t nachweisen.<\/p>\n<p>Wenn Sie der Meinung sind, dass wir Ihre personenbezogenen Daten nicht gem\u00e4\u00df den Vorschriften verarbeitet haben oder Sie Zweifel an der Aus\u00fcbung Ihrer Rechte haben, setzen Sie sich bitte mit uns in Verbindung, und wir werden umgehend versuchen, die Zweifel in der auftretenden Situation auszur\u00e4umen.<\/p>\n<p>Wir teilen Ihnen jedoch mit, dass Sie das Recht haben, eine Klage bei der spanischen Datenschutzbeh\u00f6rde einzureichen, indem Sie sich an die Adresse C \/ Jorge Juan, 6, wenden. 28001 &#8211; Madrid. Auf der Website www.agpd.es finden Sie weitere Kontaktm\u00f6glichkeiten.<\/p>\n<p><strong>10. \u00c4NDERUNGEN UNSERER DATENSCHUTZRICHTLINIEN<\/strong><\/p>\n<p>In <strong>CASA ENTRE SUEVE Y PICOS<\/strong> beabsichtigen wir, uns kontinuierlich zu verbessern. Daher kann es erforderlich sein, unsere Datenschutzrichtlinie zu \u00e4ndern. Falls \u00c4nderungen des Zwecks oder der Rechtm\u00e4\u00dfigkeit, mit denen wir personenbezogene Daten verwenden, vorgesehen sind, werden wir den Benutzer benachrichtigen. In jedem Fall empfehlen wir Ihnen, diese Datenschutzrichtlinie von Zeit zu Zeit zu \u00fcberpr\u00fcfen, falls geringf\u00fcgige \u00c4nderungen vorgenommen werden, oder wir f\u00fchren Verbesserungen ein, da wir sie als permanenten Informationspunkt verwenden.<\/p>\n","protected":false},"excerpt":{"rendered":"<p>Bei CASA ENTRE SUEVE Y PICOS sind wir uns des Schutzes personenbezogener Daten von Internetnutzern bewusst, die auf unsere Website zugreifen und unsere Dienste nutzen. Durch unsere Datenschutzrichtlinie bieten wir Ihnen alle Informationen, damit Sie leicht wissen, wie wir Ihre pers\u00f6nlichen Daten auf unserer Website behandeln, sowie die Verfahren zur Aus\u00fcbung der Rechte, die Ihnen [&hellip;]<\/p>\n","protected":false},"author":1,"featured_media":0,"parent":0,"menu_order":0,"comment_status":"closed","ping_status":"open","template":"","meta":{"_joinchat":[],"footnotes":""},"class_list":["post-4301","page","type-page","status-publish","hentry"],"yoast_head":"<!-- This site is optimized with the Yoast SEO plugin v25.1 - https:\/\/yoast.com\/wordpress\/plugins\/seo\/ -->\n<title>Datenschutz-Bestimmungen - Casa entre Sueve y Picos<\/title>\n<meta name=\"robots\" content=\"index, follow, max-snippet:-1, max-image-preview:large, max-video-preview:-1\" \/>\n<link rel=\"canonical\" href=\"https:\/\/casaentresueveypicos.com\/de\/datenschutz-bestimmungen\/\" \/>\n<meta property=\"og:locale\" content=\"de_DE\" \/>\n<meta property=\"og:type\" content=\"article\" \/>\n<meta property=\"og:title\" content=\"Datenschutz-Bestimmungen - Casa entre Sueve y Picos\" \/>\n<meta property=\"og:description\" content=\"Bei CASA ENTRE SUEVE Y PICOS sind wir uns des Schutzes personenbezogener Daten von Internetnutzern bewusst, die auf unsere Website zugreifen und unsere Dienste nutzen. Durch unsere Datenschutzrichtlinie bieten wir Ihnen alle Informationen, damit Sie leicht wissen, wie wir Ihre pers\u00f6nlichen Daten auf unserer Website behandeln, sowie die Verfahren zur Aus\u00fcbung der Rechte, die Ihnen [&hellip;]\" \/>\n<meta property=\"og:url\" content=\"https:\/\/casaentresueveypicos.com\/de\/datenschutz-bestimmungen\/\" \/>\n<meta property=\"og:site_name\" content=\"Casa entre Sueve y Picos\" \/>\n<meta property=\"article:modified_time\" content=\"2021-05-04T09:45:27+00:00\" \/>\n<meta name=\"twitter:card\" content=\"summary_large_image\" \/>\n<meta name=\"twitter:label1\" content=\"Gesch\u00e4tzte Lesezeit\" \/>\n\t<meta name=\"twitter:data1\" content=\"9\u00a0Minuten\" \/>\n<script type=\"application\/ld+json\" class=\"yoast-schema-graph\">{\"@context\":\"https:\/\/schema.org\",\"@graph\":[{\"@type\":\"WebPage\",\"@id\":\"https:\/\/casaentresueveypicos.com\/de\/datenschutz-bestimmungen\/\",\"url\":\"https:\/\/casaentresueveypicos.com\/de\/datenschutz-bestimmungen\/\",\"name\":\"Datenschutz-Bestimmungen - Casa entre Sueve y Picos\",\"isPartOf\":{\"@id\":\"https:\/\/casaentresueveypicos.com\/de\/#website\"},\"datePublished\":\"2021-05-04T09:45:20+00:00\",\"dateModified\":\"2021-05-04T09:45:27+00:00\",\"breadcrumb\":{\"@id\":\"https:\/\/casaentresueveypicos.com\/de\/datenschutz-bestimmungen\/#breadcrumb\"},\"inLanguage\":\"de\",\"potentialAction\":[{\"@type\":\"ReadAction\",\"target\":[\"https:\/\/casaentresueveypicos.com\/de\/datenschutz-bestimmungen\/\"]}]},{\"@type\":\"BreadcrumbList\",\"@id\":\"https:\/\/casaentresueveypicos.com\/de\/datenschutz-bestimmungen\/#breadcrumb\",\"itemListElement\":[{\"@type\":\"ListItem\",\"position\":1,\"name\":\"Inicio\",\"item\":\"https:\/\/casaentresueveypicos.com\/de\/\"},{\"@type\":\"ListItem\",\"position\":2,\"name\":\"Datenschutz-Bestimmungen\"}]},{\"@type\":\"WebSite\",\"@id\":\"https:\/\/casaentresueveypicos.com\/de\/#website\",\"url\":\"https:\/\/casaentresueveypicos.com\/de\/\",\"name\":\"Casa entre Sueve y Picos\",\"description\":\"Casa Rural en Arriondas\",\"potentialAction\":[{\"@type\":\"SearchAction\",\"target\":{\"@type\":\"EntryPoint\",\"urlTemplate\":\"https:\/\/casaentresueveypicos.com\/de\/?s={search_term_string}\"},\"query-input\":{\"@type\":\"PropertyValueSpecification\",\"valueRequired\":true,\"valueName\":\"search_term_string\"}}],\"inLanguage\":\"de\"}]}<\/script>\n<!-- \/ Yoast SEO plugin. -->","yoast_head_json":{"title":"Datenschutz-Bestimmungen - Casa entre Sueve y Picos","robots":{"index":"index","follow":"follow","max-snippet":"max-snippet:-1","max-image-preview":"max-image-preview:large","max-video-preview":"max-video-preview:-1"},"canonical":"https:\/\/casaentresueveypicos.com\/de\/datenschutz-bestimmungen\/","og_locale":"de_DE","og_type":"article","og_title":"Datenschutz-Bestimmungen - Casa entre Sueve y Picos","og_description":"Bei CASA ENTRE SUEVE Y PICOS sind wir uns des Schutzes personenbezogener Daten von Internetnutzern bewusst, die auf unsere Website zugreifen und unsere Dienste nutzen. Durch unsere Datenschutzrichtlinie bieten wir Ihnen alle Informationen, damit Sie leicht wissen, wie wir Ihre pers\u00f6nlichen Daten auf unserer Website behandeln, sowie die Verfahren zur Aus\u00fcbung der Rechte, die Ihnen [&hellip;]","og_url":"https:\/\/casaentresueveypicos.com\/de\/datenschutz-bestimmungen\/","og_site_name":"Casa entre Sueve y Picos","article_modified_time":"2021-05-04T09:45:27+00:00","twitter_card":"summary_large_image","twitter_misc":{"Gesch\u00e4tzte Lesezeit":"9\u00a0Minuten"},"schema":{"@context":"https:\/\/schema.org","@graph":[{"@type":"WebPage","@id":"https:\/\/casaentresueveypicos.com\/de\/datenschutz-bestimmungen\/","url":"https:\/\/casaentresueveypicos.com\/de\/datenschutz-bestimmungen\/","name":"Datenschutz-Bestimmungen - Casa entre Sueve y Picos","isPartOf":{"@id":"https:\/\/casaentresueveypicos.com\/de\/#website"},"datePublished":"2021-05-04T09:45:20+00:00","dateModified":"2021-05-04T09:45:27+00:00","breadcrumb":{"@id":"https:\/\/casaentresueveypicos.com\/de\/datenschutz-bestimmungen\/#breadcrumb"},"inLanguage":"de","potentialAction":[{"@type":"ReadAction","target":["https:\/\/casaentresueveypicos.com\/de\/datenschutz-bestimmungen\/"]}]},{"@type":"BreadcrumbList","@id":"https:\/\/casaentresueveypicos.com\/de\/datenschutz-bestimmungen\/#breadcrumb","itemListElement":[{"@type":"ListItem","position":1,"name":"Inicio","item":"https:\/\/casaentresueveypicos.com\/de\/"},{"@type":"ListItem","position":2,"name":"Datenschutz-Bestimmungen"}]},{"@type":"WebSite","@id":"https:\/\/casaentresueveypicos.com\/de\/#website","url":"https:\/\/casaentresueveypicos.com\/de\/","name":"Casa entre Sueve y Picos","description":"Casa Rural en Arriondas","potentialAction":[{"@type":"SearchAction","target":{"@type":"EntryPoint","urlTemplate":"https:\/\/casaentresueveypicos.com\/de\/?s={search_term_string}"},"query-input":{"@type":"PropertyValueSpecification","valueRequired":true,"valueName":"search_term_string"}}],"inLanguage":"de"}]}},"_links":{"self":[{"href":"https:\/\/casaentresueveypicos.com\/de\/wp-json\/wp\/v2\/pages\/4301","targetHints":{"allow":["GET"]}}],"collection":[{"href":"https:\/\/casaentresueveypicos.com\/de\/wp-json\/wp\/v2\/pages"}],"about":[{"href":"https:\/\/casaentresueveypicos.com\/de\/wp-json\/wp\/v2\/types\/page"}],"author":[{"embeddable":true,"href":"https:\/\/casaentresueveypicos.com\/de\/wp-json\/wp\/v2\/users\/1"}],"replies":[{"embeddable":true,"href":"https:\/\/casaentresueveypicos.com\/de\/wp-json\/wp\/v2\/comments?post=4301"}],"version-history":[{"count":1,"href":"https:\/\/casaentresueveypicos.com\/de\/wp-json\/wp\/v2\/pages\/4301\/revisions"}],"predecessor-version":[{"id":4302,"href":"https:\/\/casaentresueveypicos.com\/de\/wp-json\/wp\/v2\/pages\/4301\/revisions\/4302"}],"wp:attachment":[{"href":"https:\/\/casaentresueveypicos.com\/de\/wp-json\/wp\/v2\/media?parent=4301"}],"curies":[{"name":"wp","href":"https:\/\/api.w.org\/{rel}","templated":true}]}}