{"id":4082,"date":"2021-04-30T13:52:09","date_gmt":"2021-04-30T11:52:09","guid":{"rendered":"https:\/\/casarural.dipixel.es\/rechtlicher-hinweis\/"},"modified":"2021-04-30T13:52:16","modified_gmt":"2021-04-30T11:52:16","slug":"rechtlicher-hinweis","status":"publish","type":"page","link":"https:\/\/casaentresueveypicos.com\/de\/rechtlicher-hinweis\/","title":{"rendered":"Rechtlicher Hinweis"},"content":{"rendered":"<p>In \u00dcbereinstimmung mit den Bestimmungen des Gesetzes 34\/2002 vom 11. Juli, Dienste der Informationsgesellschaft und des elektronischen Gesch\u00e4ftsverkehrs (LSSICE), werden folgende rechtliche Aspekte gemeldet:<\/p><p><strong>EIGENTUM DER WEBSITE<\/strong><\/p><figure class=\"wp-block-table\"><table><tbody><tr><td><strong>Besitzer der Webseite:<\/strong><\/td><td>ROSA MAR\u00cdA L\u00d3PEZ MART\u00cdNEZ, mit NIF 53350221K, im Folgenden &#8222;CASA ENTRE SUEVE Y PICOS&#8220;, &#8222;die Website&#8220;<\/td><\/tr><tr><td><strong>Anschrift: <\/strong><\/td><td>Barrio Castrada, 43-B . 33548, Cuadrove\u00f1a \u2013 Arriondas (Asturias), Espa\u00f1a<\/td><\/tr><tr><td><strong>Kontaktperson:<\/strong><\/td><td>Tel. 649425505 &#8211; Email: <em>info@casaentresueveypicos.com<\/em><\/td><\/tr><tr><td><strong>Aktivit\u00e4t:<\/strong><\/td><td>Herbege und Tourismus<\/td><\/tr><\/tbody><\/table><\/figure><p><strong>ALLGEMEINE NUTZUNGSBEDINGUNGEN<\/strong><\/p><p>Der Zweck der Website www.casaentresueveypicos.com besteht darin, der \u00d6ffentlichkeit im Allgemeinen Informationen \u00fcber die von &#8222;CASA ENTRE SUEVE Y PICOS&#8220; f\u00fcr die Entwicklung ihrer Aktivit\u00e4ten erbrachten Dienstleistungen bereitzustellen.<\/p><p>Die Nutzung einer der Funktionen der Website setzt die ausdr\u00fcckliche und vollst\u00e4ndige Akzeptanz der hierin festgelegten Bedingungen voraus, unbeschadet derjenigen, die f\u00fcr einige der \u00fcber die Website angebotenen spezifischen Dienste gelten k\u00f6nnen.<\/p><p>Der Eigent\u00fcmer der Website beh\u00e4lt sich das Recht vor, jederzeit und ohne vorherige Ank\u00fcndigung \u00c4nderungen und Aktualisierungen an den auf seiner Website oder in ihrer Konfiguration und Pr\u00e4sentation enthaltenen Informationen vorzunehmen.<\/p><p>Um die auf der Website ver\u00f6ffentlichten Informationen auf dem neuesten Stand zu halten, k\u00f6nnen deren Inhalte jederzeit ge\u00e4ndert, korrigiert, gel\u00f6scht oder hinzugef\u00fcgt werden. Daher ist es zweckm\u00e4\u00dfig, die G\u00fcltigkeit oder Richtigkeit derselben zu \u00fcberpr\u00fcfen, indem Sie auf offizielle Quellen zur\u00fcckgreifen.<\/p><p><strong>GEISTIGES, INDUSTRIELLES UND FRAMES EIGENTUM<\/strong><\/p><p>Alle Elemente der Website sowie deren Struktur, Design, Quellcode sowie die darauf enthaltenen Logos, Marken und sonstigen Kennzeichen geh\u00f6ren CASA ENTRE SUEVE Y PICOS oder seinen Mitarbeitern und sind gesch\u00fctzt f\u00fcr die entsprechenden Rechte an geistigem und gewerblichem Eigentum.<\/p><p>Ebenso sind die auf der Website enthaltenen Bilder und sonstigen grafischen Elemente durch die entsprechenden Rechte an geistigem und gewerblichem Eigentum gesch\u00fctzt.<\/p><p>Der Eigent\u00fcmer der Website untersagt ausdr\u00fccklich das &#8222;Framing&#8220; oder die Verwendung anderer Mechanismen durch Dritte, die das Design, die urspr\u00fcngliche Konfiguration oder den Inhalt unserer Website ver\u00e4ndern.<\/p><p>Die Verwendung der Inhalte muss deren jeweilige Lizenzierung respektieren. Auf diese Weise ist die Verwendung, Vervielf\u00e4ltigung, Verbreitung, \u00f6ffentliche Kommunikation, Umwandlung oder andere \u00e4hnliche oder analoge Aktivit\u00e4ten ohne vorherige und ausdr\u00fcckliche Genehmigung des Inhabers der Website v\u00f6llig untersagt.<\/p><p>Nur die vollst\u00e4ndige oder teilweise Reproduktion der auf der Website bereitgestellten Texte und Inhalte ist gestattet, sofern alle folgenden Bedingungen erf\u00fcllt sind:<\/p><ul class=\"wp-block-list\"><li>Die Integrit\u00e4t der Inhalte, Dokumente oder Grafiken bleibt erhalten.<\/li><li>Der Eigent\u00fcmer der Website wird ausdr\u00fccklich als Quelle und Herkunft dieser angegeben.<\/li><li>Der Zweck und Zweck einer solchen Nutzung ist mit den Zwecken der Website und \/ oder der Aktivit\u00e4t des Inhabers der Website vereinbar.<\/li><li>Eine kommerzielle Nutzung ist nicht beabsichtigt, deren Verbreitung, \u00f6ffentliche Kommunikation, Umwandlung oder Dekompilierung ausdr\u00fccklich untersagt ist.<\/li><\/ul><p>Jede andere Verwendung muss zuvor und ausdr\u00fccklich vom Eigent\u00fcmer der Website mitgeteilt und genehmigt werden.<\/p><p>In Bezug auf die Angebote von Produkten und Dienstleistungen Dritter erkennt der Inhaber der Website zugunsten seiner Eigent\u00fcmer die entsprechenden Rechte an gewerblichem und geistigem Eigentum an. Ihre blo\u00dfe Erw\u00e4hnung oder ihr Erscheinen im Internet impliziert nicht das Bestehen von Rechten oder eine Verantwortung gegen\u00fcber dem gleiche, noch Billigung, Sponsoring oder Empfehlung.<\/p><p>Der Inhaber der Website erkl\u00e4rt seine Achtung der Rechte an geistigem und gewerblichem Eigentum Dritter; Wenn Sie der Meinung sind, dass unsere Website Ihre Rechte verletzt, wenden Sie sich bitte an den Eigent\u00fcmer der Website.<\/p><p><strong>VERANTWORTUNG<\/strong><\/p><p>Der Eigent\u00fcmer der Website garantiert nicht, dass beim Zugriff auf das Web, in dessen Inhalten oder bei der Aktualisierung keine Fehler auftreten, obwohl der Eigent\u00fcmer der Website nach besten Kr\u00e4ften bem\u00fcht ist, diese gegebenenfalls zu vermeiden, zu korrigieren oder zu aktualisieren. .<\/p><p>Sowohl der Zugriff auf die Website als auch die Verwendung der darin enthaltenen Informationen liegen in der alleinigen Verantwortung der Person, die sie ausf\u00fchrt.<\/p><p>Der Eigent\u00fcmer der Website ist nicht verantwortlich f\u00fcr die Informationen und Inhalte, die beispielsweise in Foren, Chats, Blogs, Kommentaren, sozialen Netzwerken oder auf andere Weise gespeichert werden, die es Dritten erm\u00f6glichen, Inhalte unabh\u00e4ngig auf der Website zu ver\u00f6ffentlichen Website www.casaentresueveypicos.com.<\/p><p>In \u00dcbereinstimmung mit den Bestimmungen des LSSI stellt sich der Eigent\u00fcmer der Website jedoch allen Benutzern, Beh\u00f6rden und Sicherheitskr\u00e4ften zur Verf\u00fcgung und arbeitet aktiv an der R\u00fccknahme oder gegebenenfalls Sperrung aller Inhalte mit, die Auswirkungen haben oder gegen diese versto\u00dfen k\u00f6nnten nationale oder internationale Gesetzgebung, die Rechte Dritter oder Moral und \u00f6ffentliche Ordnung. Falls der Benutzer der Ansicht ist, dass auf der Website Inhalte vorhanden sind, die dieser Klassifizierung unterliegen k\u00f6nnten, wenden Sie sich bitte an den Eigent\u00fcmer der Website.<\/p><p>Der Eigent\u00fcmer der Website ist nicht verantwortlich f\u00fcr die Antworten, die \u00fcber die verschiedenen E-Mail-Adressen auf seiner Website erfolgen, so dass in keinem Fall eine verbindliche Rechtswirkung daraus abgeleitet werden kann.<\/p><p><strong>LINKS ODER HYPERLINKS<\/strong><\/p><p>Die auf unserer Website enthaltenen Links k\u00f6nnen zu Webinhalten Dritter f\u00fchren.. Der Zweck dieser Links besteht nur darin, die Suche nach Ressourcen, die Sie interessieren k\u00f6nnten, \u00fcber das Internet zu erleichtern. Diese Seiten geh\u00f6ren jedoch weder dem Eigent\u00fcmer der Website noch einer \u00dcberpr\u00fcfung ihres Inhalts. Daher \u00fcbernimmt der Eigent\u00fcmer der Website keine Verantwortung f\u00fcr die Inhalte, Informationen oder Dienste, die auf diesen Websites erscheinen k\u00f6nnen Sie haben ausschlie\u00dflich informativen Charakter und implizieren in keinem Fall eine Beziehung zwischen dem Eigent\u00fcmer der Website und den Personen oder Organisationen, die solche Inhalte besitzen, oder den Eigent\u00fcmern anderer Websites, auf denen sie sich befinden. Der Eigent\u00fcmer der Website kann nicht f\u00fcr den Betrieb der verlinkten Seite oder f\u00fcr m\u00f6gliche Sch\u00e4den verantwortlich gemacht werden, die durch den Zugriff auf oder die Nutzung der Website entstehen k\u00f6nnen.<\/p><p>Links zur Website www.casaentresueveypicos.com m\u00fcssen die folgenden Bedingungen erf\u00fcllen:<\/p><ul class=\"wp-block-list\"><li>Die Einrichtung des Links impliziert keine Vereinbarung, keinen Vertrag, kein Sponsoring oder keine Empfehlung seitens CASA ENTRE SUEVE Y PICOS auf der Seite, auf der der Link erstellt wird.<\/li><li>Die Webseite, auf der der Hyperlink eingerichtet wird, enth\u00e4lt weder Informationen mit Inhalten, die illegal, diskriminierend, gegen allgemein anerkannte ethische Grunds\u00e4tze versto\u00dfen oder gegen die \u00f6ffentliche Ordnung versto\u00dfen, noch Inhalte, die gegen Rechte Dritter versto\u00dfen.<\/li><li>Der Eigent\u00fcmer der Website kann verlangen, dass ein Link zu seiner Website entfernt wird, ohne dass ein Grund geltend gemacht werden muss. In diesem Fall muss die Seite, auf der der Link erstellt wurde, sofort gel\u00f6scht werden, sobald sie die Benachrichtigung vom Eigent\u00fcmer der Website erh\u00e4lt.<\/li><li>Es ist in keiner Weise verantwortlich und garantiert auch nicht die Klarheit, Genauigkeit, Zuverl\u00e4ssigkeit, Richtigkeit oder Moral der Inhalte oder Dienste, die die Einrichtung des Hyperlinks bieten kann. Der Benutzer \u00fcbernimmt die alleinige Verantwortung f\u00fcr die Folgen, Sch\u00e4den oder Handlungen, die durch den Zugriff auf die Website des Hyperlinks entstehen k\u00f6nnen.<\/li><li>Die Webseite, auf der der Hyperlink eingerichtet ist, darf keine Marke, keinen Namen, kein Logo, keinen Slogan oder andere Kennzeichen des Inhabers der Website enthalten, mit Ausnahme der Zeichen, die Teil desselben Hyperlinks sind.<\/li><\/ul><p><strong>PERS\u00d6NLICHER DATENSCHUTZ<\/strong><\/p><p>In den F\u00e4llen, in denen personenbezogene Daten erfasst, verarbeitet oder gespeichert werden, erfolgt dies gem\u00e4\u00df den auf der Website ver\u00f6ffentlichten Datenschutzbestimmungen, die in der Fu\u00dfzeile der Website eingesehen werden k\u00f6nnen.<\/p><p><strong>ANWENDBARES RECHT UND GERICHTSSTAND<\/strong><\/p><p>Das anwendbare Recht im Falle von Streitigkeiten oder Auslegungskonflikten der Begriffe, aus denen dieser rechtliche Hinweis besteht, sowie alle Fragen im Zusammenhang mit den Diensten dieser Website sind spanisches Recht..<\/p><p>Zur L\u00f6sung von Konflikten, die w\u00e4hrend des Besuchs der Website oder der Nutzung der darin angebotenen Dienste auftreten k\u00f6nnen, erkl\u00e4ren sich der Eigent\u00fcmer der Website und der Benutzer damit einverstanden, sich den Richtern und Gerichten des Wohnsitzes des Eigent\u00fcmers zu unterwerfen.<\/p>","protected":false},"excerpt":{"rendered":"<p>In \u00dcbereinstimmung mit den Bestimmungen des Gesetzes 34\/2002 vom 11. Juli, Dienste der Informationsgesellschaft und des elektronischen Gesch\u00e4ftsverkehrs (LSSICE), werden folgende rechtliche Aspekte gemeldet: EIGENTUM DER WEBSITE Besitzer der Webseite: ROSA MAR\u00cdA L\u00d3PEZ MART\u00cdNEZ, mit NIF 53350221K, im Folgenden &#8222;CASA ENTRE SUEVE Y PICOS&#8220;, &#8222;die Website&#8220; Anschrift: Barrio Castrada, 43-B . 33548, Cuadrove\u00f1a \u2013 Arriondas [&hellip;]<\/p>\n","protected":false},"author":1,"featured_media":0,"parent":0,"menu_order":0,"comment_status":"closed","ping_status":"closed","template":"","meta":{"_joinchat":[],"footnotes":""},"class_list":["post-4082","page","type-page","status-publish","hentry"],"yoast_head":"<!-- This site is optimized with the Yoast SEO plugin v25.1 - https:\/\/yoast.com\/wordpress\/plugins\/seo\/ -->\n<title>Rechtlicher Hinweis - Casa entre Sueve y Picos<\/title>\n<meta name=\"robots\" content=\"index, follow, max-snippet:-1, max-image-preview:large, max-video-preview:-1\" \/>\n<link rel=\"canonical\" href=\"https:\/\/casaentresueveypicos.com\/de\/rechtlicher-hinweis\/\" \/>\n<meta property=\"og:locale\" content=\"de_DE\" \/>\n<meta property=\"og:type\" content=\"article\" \/>\n<meta property=\"og:title\" content=\"Rechtlicher Hinweis - Casa entre Sueve y Picos\" \/>\n<meta property=\"og:description\" content=\"In \u00dcbereinstimmung mit den Bestimmungen des Gesetzes 34\/2002 vom 11. Juli, Dienste der Informationsgesellschaft und des elektronischen Gesch\u00e4ftsverkehrs (LSSICE), werden folgende rechtliche Aspekte gemeldet: EIGENTUM DER WEBSITE Besitzer der Webseite: ROSA MAR\u00cdA L\u00d3PEZ MART\u00cdNEZ, mit NIF 53350221K, im Folgenden &#8222;CASA ENTRE SUEVE Y PICOS&#8220;, &#8222;die Website&#8220; Anschrift: Barrio Castrada, 43-B . 33548, Cuadrove\u00f1a \u2013 Arriondas [&hellip;]\" \/>\n<meta property=\"og:url\" content=\"https:\/\/casaentresueveypicos.com\/de\/rechtlicher-hinweis\/\" \/>\n<meta property=\"og:site_name\" content=\"Casa entre Sueve y Picos\" \/>\n<meta property=\"article:modified_time\" content=\"2021-04-30T11:52:16+00:00\" \/>\n<meta name=\"twitter:card\" content=\"summary_large_image\" \/>\n<meta name=\"twitter:label1\" content=\"Gesch\u00e4tzte Lesezeit\" \/>\n\t<meta name=\"twitter:data1\" content=\"6\u00a0Minuten\" \/>\n<script type=\"application\/ld+json\" class=\"yoast-schema-graph\">{\"@context\":\"https:\/\/schema.org\",\"@graph\":[{\"@type\":\"WebPage\",\"@id\":\"https:\/\/casaentresueveypicos.com\/de\/rechtlicher-hinweis\/\",\"url\":\"https:\/\/casaentresueveypicos.com\/de\/rechtlicher-hinweis\/\",\"name\":\"Rechtlicher Hinweis - Casa entre Sueve y Picos\",\"isPartOf\":{\"@id\":\"https:\/\/casaentresueveypicos.com\/de\/#website\"},\"datePublished\":\"2021-04-30T11:52:09+00:00\",\"dateModified\":\"2021-04-30T11:52:16+00:00\",\"breadcrumb\":{\"@id\":\"https:\/\/casaentresueveypicos.com\/de\/rechtlicher-hinweis\/#breadcrumb\"},\"inLanguage\":\"de\",\"potentialAction\":[{\"@type\":\"ReadAction\",\"target\":[\"https:\/\/casaentresueveypicos.com\/de\/rechtlicher-hinweis\/\"]}]},{\"@type\":\"BreadcrumbList\",\"@id\":\"https:\/\/casaentresueveypicos.com\/de\/rechtlicher-hinweis\/#breadcrumb\",\"itemListElement\":[{\"@type\":\"ListItem\",\"position\":1,\"name\":\"Inicio\",\"item\":\"https:\/\/casaentresueveypicos.com\/de\/\"},{\"@type\":\"ListItem\",\"position\":2,\"name\":\"Rechtlicher Hinweis\"}]},{\"@type\":\"WebSite\",\"@id\":\"https:\/\/casaentresueveypicos.com\/de\/#website\",\"url\":\"https:\/\/casaentresueveypicos.com\/de\/\",\"name\":\"Casa entre Sueve y Picos\",\"description\":\"Casa Rural en Arriondas\",\"potentialAction\":[{\"@type\":\"SearchAction\",\"target\":{\"@type\":\"EntryPoint\",\"urlTemplate\":\"https:\/\/casaentresueveypicos.com\/de\/?s={search_term_string}\"},\"query-input\":{\"@type\":\"PropertyValueSpecification\",\"valueRequired\":true,\"valueName\":\"search_term_string\"}}],\"inLanguage\":\"de\"}]}<\/script>\n<!-- \/ Yoast SEO plugin. -->","yoast_head_json":{"title":"Rechtlicher Hinweis - Casa entre Sueve y Picos","robots":{"index":"index","follow":"follow","max-snippet":"max-snippet:-1","max-image-preview":"max-image-preview:large","max-video-preview":"max-video-preview:-1"},"canonical":"https:\/\/casaentresueveypicos.com\/de\/rechtlicher-hinweis\/","og_locale":"de_DE","og_type":"article","og_title":"Rechtlicher Hinweis - Casa entre Sueve y Picos","og_description":"In \u00dcbereinstimmung mit den Bestimmungen des Gesetzes 34\/2002 vom 11. Juli, Dienste der Informationsgesellschaft und des elektronischen Gesch\u00e4ftsverkehrs (LSSICE), werden folgende rechtliche Aspekte gemeldet: EIGENTUM DER WEBSITE Besitzer der Webseite: ROSA MAR\u00cdA L\u00d3PEZ MART\u00cdNEZ, mit NIF 53350221K, im Folgenden &#8222;CASA ENTRE SUEVE Y PICOS&#8220;, &#8222;die Website&#8220; Anschrift: Barrio Castrada, 43-B . 33548, Cuadrove\u00f1a \u2013 Arriondas [&hellip;]","og_url":"https:\/\/casaentresueveypicos.com\/de\/rechtlicher-hinweis\/","og_site_name":"Casa entre Sueve y Picos","article_modified_time":"2021-04-30T11:52:16+00:00","twitter_card":"summary_large_image","twitter_misc":{"Gesch\u00e4tzte Lesezeit":"6\u00a0Minuten"},"schema":{"@context":"https:\/\/schema.org","@graph":[{"@type":"WebPage","@id":"https:\/\/casaentresueveypicos.com\/de\/rechtlicher-hinweis\/","url":"https:\/\/casaentresueveypicos.com\/de\/rechtlicher-hinweis\/","name":"Rechtlicher Hinweis - Casa entre Sueve y Picos","isPartOf":{"@id":"https:\/\/casaentresueveypicos.com\/de\/#website"},"datePublished":"2021-04-30T11:52:09+00:00","dateModified":"2021-04-30T11:52:16+00:00","breadcrumb":{"@id":"https:\/\/casaentresueveypicos.com\/de\/rechtlicher-hinweis\/#breadcrumb"},"inLanguage":"de","potentialAction":[{"@type":"ReadAction","target":["https:\/\/casaentresueveypicos.com\/de\/rechtlicher-hinweis\/"]}]},{"@type":"BreadcrumbList","@id":"https:\/\/casaentresueveypicos.com\/de\/rechtlicher-hinweis\/#breadcrumb","itemListElement":[{"@type":"ListItem","position":1,"name":"Inicio","item":"https:\/\/casaentresueveypicos.com\/de\/"},{"@type":"ListItem","position":2,"name":"Rechtlicher Hinweis"}]},{"@type":"WebSite","@id":"https:\/\/casaentresueveypicos.com\/de\/#website","url":"https:\/\/casaentresueveypicos.com\/de\/","name":"Casa entre Sueve y Picos","description":"Casa Rural en Arriondas","potentialAction":[{"@type":"SearchAction","target":{"@type":"EntryPoint","urlTemplate":"https:\/\/casaentresueveypicos.com\/de\/?s={search_term_string}"},"query-input":{"@type":"PropertyValueSpecification","valueRequired":true,"valueName":"search_term_string"}}],"inLanguage":"de"}]}},"_links":{"self":[{"href":"https:\/\/casaentresueveypicos.com\/de\/wp-json\/wp\/v2\/pages\/4082","targetHints":{"allow":["GET"]}}],"collection":[{"href":"https:\/\/casaentresueveypicos.com\/de\/wp-json\/wp\/v2\/pages"}],"about":[{"href":"https:\/\/casaentresueveypicos.com\/de\/wp-json\/wp\/v2\/types\/page"}],"author":[{"embeddable":true,"href":"https:\/\/casaentresueveypicos.com\/de\/wp-json\/wp\/v2\/users\/1"}],"replies":[{"embeddable":true,"href":"https:\/\/casaentresueveypicos.com\/de\/wp-json\/wp\/v2\/comments?post=4082"}],"version-history":[{"count":5,"href":"https:\/\/casaentresueveypicos.com\/de\/wp-json\/wp\/v2\/pages\/4082\/revisions"}],"predecessor-version":[{"id":4088,"href":"https:\/\/casaentresueveypicos.com\/de\/wp-json\/wp\/v2\/pages\/4082\/revisions\/4088"}],"wp:attachment":[{"href":"https:\/\/casaentresueveypicos.com\/de\/wp-json\/wp\/v2\/media?parent=4082"}],"curies":[{"name":"wp","href":"https:\/\/api.w.org\/{rel}","templated":true}]}}