{"id":3875,"date":"2021-04-28T22:45:22","date_gmt":"2021-04-28T20:45:22","guid":{"rendered":"https:\/\/casarural.dipixel.es\/cookie-richtlinie\/"},"modified":"2021-04-29T11:06:16","modified_gmt":"2021-04-29T09:06:16","slug":"cookie-richtlinie","status":"publish","type":"page","link":"https:\/\/casaentresueveypicos.com\/de\/cookie-richtlinie\/","title":{"rendered":"Cookie-Richtlinie"},"content":{"rendered":"<p>In \u00dcbereinstimmung mit den Bestimmungen des Gesetzes 34\/2002 vom 11. Juli, Dienste der Informationsgesellschaft und des elektronischen Gesch\u00e4ftsverkehrs (LSSICE), bieten wir Ihnen detaillierte Informationen zur Verwendung von Cookies auf der Website, f\u00fcr die ROSA MAR\u00cdA L\u00d3PEZ MART\u00cdNEZ verantwortlich ist.<\/p><p><strong>1. Was sind Cookies?<\/strong><\/p><p>Cookies sind kleine Dateien, die von den von Ihnen besuchten Websites erstellt werden, um Ihre Online-Erfahrung zu verbessern, und die Informationen \u00fcber Ihre Suche im Internet auf Ihrem Ger\u00e4t speichern. <\/p><p>Sie k\u00f6nnen sehr unterschiedlichen Zwecken dienen, z. B. um Sie als Benutzer zu erkennen, Informationen \u00fcber Ihre Surfgewohnheiten zu erhalten oder die Art und Weise anzupassen, wie der Inhalt des Webs angezeigt wird. <\/p><p><strong>2. Wie kann ich die Verwendung von Cookies akzeptieren oder ablehnen?<\/strong><\/p><p>Wenn Sie auf unsere Website zugreifen, wird Ihnen eine Zusammenfassung der von Ihnen verwendeten Cookie-Art angezeigt, und Sie k\u00f6nnen auf einfache Weise:<\/p><ul class=\"wp-block-list\"><li><strong>Cookies akzeptieren:<\/strong> Durch Klicken auf diese Schaltfl\u00e4che akzeptieren Sie die Verwendung aller Cookies f\u00fcr die beschriebenen Zwecke. <\/li><li><strong>Cookies EINRICHTEN:<\/strong> Sie k\u00f6nnen weitere Informationen zu den verwendeten Cookies erhalten sowie solche ablehnen und blockieren, die keinen technischen Zweck haben. Im Falle des Einschr\u00e4nkens oder Blockierens von Cookies k\u00f6nnen einige Funktionen des Webs eingeschr\u00e4nkt sein.<\/li><\/ul><p><strong>3. Welche Cookies verwendet diese Website?<\/strong><\/p><p>Nachfolgend finden Sie eine detaillierte Liste der von unserer Website verwendeten Cookies. Wenn Sie weitere Informationen zur Klassifizierung von Cookies w\u00fcnschen, finden Sie diese im n\u00e4chsten Abschnitt.<\/p><p><strong>Personalisierungs-Cookies<\/strong><\/p><figure class=\"wp-block-table\"><table><thead><tr><td><strong>Vorname<\/strong><\/td><td><strong>Lieferant<\/strong><\/td><td><strong>Zweck<\/strong><\/td><td><strong>Dauer<\/strong><\/td><td><strong>Typ<\/strong><\/td><\/tr><\/thead><tbody><tr><td>Viewed_cookie_policy<\/td><td>casaentresueveypicos.com<\/td><td>Registriert die Akzeptanz der Cookie-Richtlinie der Website<\/td><td>1 Jahr<\/td><td>Technische Zwecke<\/td><\/tr><\/tbody><\/table><\/figure><p><strong>Statistische Cookies<\/strong><\/p><p>Statistische Cookies helfen Webseitenbesitzern zu verstehen, wie Besucher mit Webseiten interagieren, indem sie anonym Informationen sammeln und bereitstellen<\/p><figure class=\"wp-block-table\"><table><thead><tr><td><strong>Vorname<\/strong><\/td><td><strong>Lieferant<\/strong><\/td><td><strong>Zweck<\/strong><\/td><td><strong>Dauer<\/strong><\/td><td><strong>Typ<\/strong><\/td><\/tr><\/thead><tbody><tr><td>_ga<\/td><td>Google<\/td><td>Registriert eine eindeutige Identifikation, mit der statistische Daten dar\u00fcber generiert werden, wie der Besucher die Website nutzt<\/td><td>2 Jahre<\/td><td>HTTP Cookie<\/td><\/tr><tr><td>_gat<\/td><td>Google<\/td><td>Wird von Google Analytics zur Steuerung der Anforderungsrate verwendet<\/td><td>Session<\/td><td>HTTP Cookie<\/td><\/tr><tr><td>_gid<\/td><td>Google<\/td><td>Registriert eine eindeutige Identifikation, mit der statistische Daten dar\u00fcber generiert werden, wie der Besucher die Website nutzt<\/td><td>Session<\/td><td>HTTP Cookie<\/td><\/tr><tr><td>r\/collect<\/td><td>doubleclick.net<\/td><td>Es wird verwendet, um Daten \u00fcber das Ger\u00e4t und das Verhalten des Besuchers an Google Analytics zu senden<\/td><td>Session<\/td><td>Pixel Tracker<\/td><\/tr><\/tbody><\/table><\/figure><p><strong>4. Erweiterte Informationen zu den Arten von Cookies<\/strong><\/p><p>Cookies k\u00f6nnen in Abh\u00e4ngigkeit von diesen Faktoren in verschiedene Typen eingeteilt werden:<\/p><ul class=\"wp-block-list\"><li>Wer ist verantwortlich<\/li><li>Zu welchem \u200b\u200bZweck werden sie verwendet?<\/li><li>Wie lange werden die Daten gespeichert.<\/li><\/ul><p><strong>4.1 Nach Angaben der Stelle, die die Cookies verwaltet<\/strong><\/p><p>Abh\u00e4ngig davon, wer die Entit\u00e4t ist, die den Computer oder die Dom\u00e4ne verwaltet, von der aus die Cookies gesendet werden, und die erhaltenen Daten behandelt, k\u00f6nnen wir unterscheiden zwischen:<\/p><p><strong><em>Erstanbieter- oder eigene Cookies:<br \/><\/em><\/strong>Dies sind diejenigen, die von der Website generiert werden, die Sie besuchen.<\/p><p><strong><em>Cookies von Drittanbietern <br \/><\/em><\/strong>Diese werden von anderen Websites generiert, die einen Teil des Inhalts enthalten, den Sie auf der von Ihnen besuchten Webseite sehen, z. B. Werbung, Bilder oder Videos. <\/p><p><strong>4.2 Je nach Verwendungszweck<\/strong><\/p><p>Es gibt verschiedene Zwecke, f\u00fcr die Cookies verwendet werden k\u00f6nnen. Wir k\u00f6nnen sie in folgende Zwecke einteilen<\/p><p><strong>Techniken:<\/strong> <br \/>Sie werden auch als<em>&#8222;unbedingt notwendig&#8220;<\/em> bezeichnet Sie erm\u00f6glichen dem Benutzer das Durchsuchen und Verwenden der verschiedenen Optionen oder Dienste, die im Web vorhanden sind, z. B. Identifizieren der Sitzung, Zugreifen auf Teile des eingeschr\u00e4nkten Zugriffs, Steuern des Datenverkehrs und der Datenkommunikation, Speichern der Elemente, aus denen eine Bestellung besteht, oder Durchf\u00fchren des Kaufvorgangs, Beantragen der Registrierung oder Teilnahme an einer Veranstaltung, Verwenden der Sicherheitselemente beim Surfen, Speichern der Inhalte f\u00fcr die Verbreitung von Videos oder Ton oder Teilen der Inhalte \u00fcber soziale Netzwerke.<\/p><p><strong>Einstellungen oder Anpassungen: <br \/><\/strong> Erm\u00f6glicht es Ihnen, sich Benutzereinstellungen zu merken, die Ihre Erfahrung von anderen Benutzern unterscheiden k\u00f6nnen. Wenn Sie beispielsweise die bevorzugte Sprache der Webseite, das Anzeigeformat, die Region, von der aus Sie darauf zugreifen, usw. ausw\u00e4hlen.<\/p><p><strong>Analyse oder Messung: <br \/><\/strong>Sie erm\u00f6glichen es dem Controller, das Benutzerverhalten auf Websites zu \u00fcberwachen und zu analysieren.. Sie generieren Statistiken, die anonyme Informationen \u00fcber die Anzahl der Besuche und Interaktionen von Benutzern auf einer Seite anzeigen. Auf diese Weise k\u00f6nnen Browserprofile entwickelt werden, um Verbesserungen einzuf\u00fchren oder die Auswirkungen von Anzeigen zu quantifizieren..<\/p><p><strong>Marketing und Verhaltenswerbung: <\/strong><\/p><p>Sie speichern Informationen \u00fcber das Verhalten von Benutzern, die durch die kontinuierliche Beobachtung ihrer Surfgewohnheiten erhalten werden. Ziel ist es, ein spezifisches Profil zu entwickeln, damit sich die angezeigte Werbung an die m\u00f6glichen Interessen des Nutzers anpasst <\/p><p><strong>4.3 Entsprechend der Laufzeit bleiben sie aktiviert<\/strong><\/p><p>a) <strong><em>Sitzungscookies:<\/em><\/strong> <\/p><p>Sie sammeln und speichern Daten, w\u00e4hrend der Benutzer auf eine Webseite zugreift. Sie werden normalerweise verwendet, um Informationen zu speichern, die nur f\u00fcr die Bereitstellung des vom Benutzer angeforderten Dienstes bei einer einzigen Gelegenheit aufbewahrt werden sollen (z. B. eine Liste der gekauften Produkte) und am Ende der Sitzung verschwinden. <\/p><p>b) <strong><em>Permanente Cookies<\/em><\/strong>: <\/p><p>Dies sind diejenigen, in denen die Daten noch im Terminal gespeichert sind und w\u00e4hrend eines von der f\u00fcr den Cookie verantwortlichen Person festgelegten Zeitraums abgerufen und verarbeitet werden k\u00f6nnen. <\/p><p><strong>5. DIENSTLEISTUNGEN VON DRITTANBIETERN<\/strong><\/p><p>CASA ENTRE SUEVE Y PICOS ist auf Portalen und Diensten von Drittanbietern pr\u00e4sent. Wenn Sie die Datenschutzbedingungen und die Verwendung dieser Cookies kennen m\u00f6chten, sollten Sie die von ihnen bereitgestellten Richtlinien konsultieren:<\/p><p><strong>Facebook: <\/strong> <a href=\"https:\/\/www.facebook.com\/policies\/cookies\/\">https:\/\/www.facebook.com\/policies\/cookies\/<\/a><\/p><p><strong>Twitter: <\/strong><a href=\"https:\/\/twitter.com\/privacy\">https:\/\/twitter.com\/privacy<\/a><br \/><strong>Instagram: <\/strong><a href=\"https:\/\/help.instagram.com\/1896641480634370?ref=ig\">https:\/\/help.instagram.com\/1896641480634370?ref=ig<\/a><\/p><p><strong>LinkedIn: <\/strong><a href=\"https:\/\/www.linkedin.com\/legal\/cookie-policy\">https:\/\/www.linkedin.com\/legal\/cookie-policy<\/a><\/p><p><strong>Youtube: <\/strong><a href=\"https:\/\/www.google.es\/intl\/es\/policies\/technologies\/cookies\/\">https:\/\/www.google.es\/intl\/es\/policies\/technologies\/cookies\/ <\/a> <\/p><p><strong>Google Analytics<\/strong><\/p><p>Wenn Sie weitere Informationen \u00fcber die Verwendung von Cookies durch Google w\u00fcnschen, k\u00f6nnen Sie die &#8222;Datenschutzrichtlinie&#8220; sowie andere Dokumente aufrufen, indem Sie auf diese Websites zugreifen:<\/p><figure class=\"wp-block-embed\"><div class=\"wp-block-embed__wrapper\">\nhttps:\/\/policies.google.com\/privacy?hl=es&#038;gl=es\n<\/div><\/figure><figure class=\"wp-block-embed\"><div class=\"wp-block-embed__wrapper\">\nhttps:\/\/policies.google.com\/technologies\/cookies?hl=es\n<\/div><\/figure><p><strong>Plugin f\u00fcr Google Analytics-Browser deaktivieren<\/strong><\/p><p>Wenn Sie analytische Cookies von Google Analytics in allen Browsern ablehnen m\u00f6chten, damit Ihre Informationen nicht an Google Analytics gesendet werden, k\u00f6nnen Sie \u00fcber diesen Link ein Plug-In herunterladen, das diese Funktion ausf\u00fchrt: <a href=\"https:\/\/tools.google.com\/dlpage\/gaoptout\">https:\/\/tools.google.com\/ dlpage \/ gaoptout.<\/a><\/p><p><strong>6. WIE \u00c4NDERN SIE DIE KONFIGURATION VON COOKIES?<\/strong><\/p><p>Sie k\u00f6nnen die f\u00fcr die Verwendung von Cookies zul\u00e4ssigen Zwecke \u00e4ndern, indem Sie vom Startbildschirm oder \u00fcber dieses Dokument zum Cookie-Konfigurationscenter gehen.<\/p><p>Wir informieren Sie auch dar\u00fcber, dass Sie Cookies mit Ihrem Browser von jeder Webseite aus einschr\u00e4nken, blockieren oder l\u00f6schen k\u00f6nnen. Da der Vorgang in jedem Browser unterschiedlich ist, geben wir die Hilfeseiten verschiedener Browser an, die zeigen, wie es geht:<\/p><p><strong>Internet Explorer:<\/strong> <a href=\"https:\/\/support.microsoft.com\/es-es\/help\/17442\/windows-internet-explorer-delete-manage-cookies#ie=\">https:\/\/support.microsoft.com\/es-es\/help\/17442\/windows-internet-explorer-delete-manage-cookies#ie=<\/a><br \/><strong>FireFox:<\/strong> <a href=\"https:\/\/support.mozilla.org\/es\/kb\/Borrar%20cookies\">https:\/\/support.mozilla.org\/es\/kb\/Borrar%20cookies<\/a><br \/><strong>Chrome: <\/strong><a href=\"https:\/\/support.google.com\/chrome\/answer\/95647?hl=\">support.google.com\/chrome\/answer\/95647?hl=&#8220;es&#8220;<\/a><br \/><strong>Safari:<\/strong> <a href=\"http:\/\/www.apple.com\/es\/privacy\/use-of-cookies\/\">www.apple.com\/es\/privacy\/use-of-cookies\/<\/a> <\/p><p><strong>7. WEITERE INFORMATIONEN ZUR VERWENDUNG PERS\u00d6NLICHER DATEN<\/strong><\/p><p>Weitere Informationen zur Verwendung Ihrer pers\u00f6nlichen Daten erhalten Sie in unseren Datenschutzbestimmungen oder schreiben Sie an: <em>info@casaentresueveypicos.com<\/em><\/p>","protected":false},"excerpt":{"rendered":"<p>In \u00dcbereinstimmung mit den Bestimmungen des Gesetzes 34\/2002 vom 11. Juli, Dienste der Informationsgesellschaft und des elektronischen Gesch\u00e4ftsverkehrs (LSSICE), bieten wir Ihnen detaillierte Informationen zur Verwendung von Cookies auf der Website, f\u00fcr die ROSA MAR\u00cdA L\u00d3PEZ MART\u00cdNEZ verantwortlich ist. 1. Was sind Cookies? Cookies sind kleine Dateien, die von den von Ihnen besuchten Websites erstellt [&hellip;]<\/p>\n","protected":false},"author":1,"featured_media":0,"parent":0,"menu_order":0,"comment_status":"closed","ping_status":"closed","template":"","meta":{"_joinchat":[],"footnotes":""},"class_list":["post-3875","page","type-page","status-publish","hentry"],"yoast_head":"<!-- This site is optimized with the Yoast SEO plugin v25.1 - https:\/\/yoast.com\/wordpress\/plugins\/seo\/ -->\n<title>Cookie-Richtlinie - Casa entre Sueve y Picos<\/title>\n<meta name=\"robots\" content=\"index, follow, max-snippet:-1, max-image-preview:large, max-video-preview:-1\" \/>\n<link rel=\"canonical\" href=\"https:\/\/casaentresueveypicos.com\/de\/cookie-richtlinie\/\" \/>\n<meta property=\"og:locale\" content=\"de_DE\" \/>\n<meta property=\"og:type\" content=\"article\" \/>\n<meta property=\"og:title\" content=\"Cookie-Richtlinie - Casa entre Sueve y Picos\" \/>\n<meta property=\"og:description\" content=\"In \u00dcbereinstimmung mit den Bestimmungen des Gesetzes 34\/2002 vom 11. Juli, Dienste der Informationsgesellschaft und des elektronischen Gesch\u00e4ftsverkehrs (LSSICE), bieten wir Ihnen detaillierte Informationen zur Verwendung von Cookies auf der Website, f\u00fcr die ROSA MAR\u00cdA L\u00d3PEZ MART\u00cdNEZ verantwortlich ist. 1. Was sind Cookies? Cookies sind kleine Dateien, die von den von Ihnen besuchten Websites erstellt [&hellip;]\" \/>\n<meta property=\"og:url\" content=\"https:\/\/casaentresueveypicos.com\/de\/cookie-richtlinie\/\" \/>\n<meta property=\"og:site_name\" content=\"Casa entre Sueve y Picos\" \/>\n<meta property=\"article:modified_time\" content=\"2021-04-29T09:06:16+00:00\" \/>\n<meta name=\"twitter:card\" content=\"summary_large_image\" \/>\n<meta name=\"twitter:label1\" content=\"Gesch\u00e4tzte Lesezeit\" \/>\n\t<meta name=\"twitter:data1\" content=\"6\u00a0Minuten\" \/>\n<script type=\"application\/ld+json\" class=\"yoast-schema-graph\">{\"@context\":\"https:\/\/schema.org\",\"@graph\":[{\"@type\":\"WebPage\",\"@id\":\"https:\/\/casaentresueveypicos.com\/de\/cookie-richtlinie\/\",\"url\":\"https:\/\/casaentresueveypicos.com\/de\/cookie-richtlinie\/\",\"name\":\"Cookie-Richtlinie - Casa entre Sueve y Picos\",\"isPartOf\":{\"@id\":\"https:\/\/casaentresueveypicos.com\/de\/#website\"},\"datePublished\":\"2021-04-28T20:45:22+00:00\",\"dateModified\":\"2021-04-29T09:06:16+00:00\",\"breadcrumb\":{\"@id\":\"https:\/\/casaentresueveypicos.com\/de\/cookie-richtlinie\/#breadcrumb\"},\"inLanguage\":\"de\",\"potentialAction\":[{\"@type\":\"ReadAction\",\"target\":[\"https:\/\/casaentresueveypicos.com\/de\/cookie-richtlinie\/\"]}]},{\"@type\":\"BreadcrumbList\",\"@id\":\"https:\/\/casaentresueveypicos.com\/de\/cookie-richtlinie\/#breadcrumb\",\"itemListElement\":[{\"@type\":\"ListItem\",\"position\":1,\"name\":\"Inicio\",\"item\":\"https:\/\/casaentresueveypicos.com\/de\/\"},{\"@type\":\"ListItem\",\"position\":2,\"name\":\"Cookie-Richtlinie\"}]},{\"@type\":\"WebSite\",\"@id\":\"https:\/\/casaentresueveypicos.com\/de\/#website\",\"url\":\"https:\/\/casaentresueveypicos.com\/de\/\",\"name\":\"Casa entre Sueve y Picos\",\"description\":\"Casa Rural en Arriondas\",\"potentialAction\":[{\"@type\":\"SearchAction\",\"target\":{\"@type\":\"EntryPoint\",\"urlTemplate\":\"https:\/\/casaentresueveypicos.com\/de\/?s={search_term_string}\"},\"query-input\":{\"@type\":\"PropertyValueSpecification\",\"valueRequired\":true,\"valueName\":\"search_term_string\"}}],\"inLanguage\":\"de\"}]}<\/script>\n<!-- \/ Yoast SEO plugin. -->","yoast_head_json":{"title":"Cookie-Richtlinie - Casa entre Sueve y Picos","robots":{"index":"index","follow":"follow","max-snippet":"max-snippet:-1","max-image-preview":"max-image-preview:large","max-video-preview":"max-video-preview:-1"},"canonical":"https:\/\/casaentresueveypicos.com\/de\/cookie-richtlinie\/","og_locale":"de_DE","og_type":"article","og_title":"Cookie-Richtlinie - Casa entre Sueve y Picos","og_description":"In \u00dcbereinstimmung mit den Bestimmungen des Gesetzes 34\/2002 vom 11. Juli, Dienste der Informationsgesellschaft und des elektronischen Gesch\u00e4ftsverkehrs (LSSICE), bieten wir Ihnen detaillierte Informationen zur Verwendung von Cookies auf der Website, f\u00fcr die ROSA MAR\u00cdA L\u00d3PEZ MART\u00cdNEZ verantwortlich ist. 1. Was sind Cookies? Cookies sind kleine Dateien, die von den von Ihnen besuchten Websites erstellt [&hellip;]","og_url":"https:\/\/casaentresueveypicos.com\/de\/cookie-richtlinie\/","og_site_name":"Casa entre Sueve y Picos","article_modified_time":"2021-04-29T09:06:16+00:00","twitter_card":"summary_large_image","twitter_misc":{"Gesch\u00e4tzte Lesezeit":"6\u00a0Minuten"},"schema":{"@context":"https:\/\/schema.org","@graph":[{"@type":"WebPage","@id":"https:\/\/casaentresueveypicos.com\/de\/cookie-richtlinie\/","url":"https:\/\/casaentresueveypicos.com\/de\/cookie-richtlinie\/","name":"Cookie-Richtlinie - Casa entre Sueve y Picos","isPartOf":{"@id":"https:\/\/casaentresueveypicos.com\/de\/#website"},"datePublished":"2021-04-28T20:45:22+00:00","dateModified":"2021-04-29T09:06:16+00:00","breadcrumb":{"@id":"https:\/\/casaentresueveypicos.com\/de\/cookie-richtlinie\/#breadcrumb"},"inLanguage":"de","potentialAction":[{"@type":"ReadAction","target":["https:\/\/casaentresueveypicos.com\/de\/cookie-richtlinie\/"]}]},{"@type":"BreadcrumbList","@id":"https:\/\/casaentresueveypicos.com\/de\/cookie-richtlinie\/#breadcrumb","itemListElement":[{"@type":"ListItem","position":1,"name":"Inicio","item":"https:\/\/casaentresueveypicos.com\/de\/"},{"@type":"ListItem","position":2,"name":"Cookie-Richtlinie"}]},{"@type":"WebSite","@id":"https:\/\/casaentresueveypicos.com\/de\/#website","url":"https:\/\/casaentresueveypicos.com\/de\/","name":"Casa entre Sueve y Picos","description":"Casa Rural en Arriondas","potentialAction":[{"@type":"SearchAction","target":{"@type":"EntryPoint","urlTemplate":"https:\/\/casaentresueveypicos.com\/de\/?s={search_term_string}"},"query-input":{"@type":"PropertyValueSpecification","valueRequired":true,"valueName":"search_term_string"}}],"inLanguage":"de"}]}},"_links":{"self":[{"href":"https:\/\/casaentresueveypicos.com\/de\/wp-json\/wp\/v2\/pages\/3875","targetHints":{"allow":["GET"]}}],"collection":[{"href":"https:\/\/casaentresueveypicos.com\/de\/wp-json\/wp\/v2\/pages"}],"about":[{"href":"https:\/\/casaentresueveypicos.com\/de\/wp-json\/wp\/v2\/types\/page"}],"author":[{"embeddable":true,"href":"https:\/\/casaentresueveypicos.com\/de\/wp-json\/wp\/v2\/users\/1"}],"replies":[{"embeddable":true,"href":"https:\/\/casaentresueveypicos.com\/de\/wp-json\/wp\/v2\/comments?post=3875"}],"version-history":[{"count":5,"href":"https:\/\/casaentresueveypicos.com\/de\/wp-json\/wp\/v2\/pages\/3875\/revisions"}],"predecessor-version":[{"id":3997,"href":"https:\/\/casaentresueveypicos.com\/de\/wp-json\/wp\/v2\/pages\/3875\/revisions\/3997"}],"wp:attachment":[{"href":"https:\/\/casaentresueveypicos.com\/de\/wp-json\/wp\/v2\/media?parent=3875"}],"curies":[{"name":"wp","href":"https:\/\/api.w.org\/{rel}","templated":true}]}}