{"id":3567,"date":"2021-04-17T22:25:19","date_gmt":"2021-04-17T20:25:19","guid":{"rendered":"https:\/\/casarural.dipixel.es\/ueber-uns\/"},"modified":"2021-05-11T11:37:11","modified_gmt":"2021-05-11T09:37:11","slug":"ueber-uns","status":"publish","type":"page","link":"https:\/\/casaentresueveypicos.com\/de\/ueber-uns\/","title":{"rendered":"\u00dcber uns"},"content":{"rendered":"\t\t<div data-elementor-type=\"wp-page\" data-elementor-id=\"3567\" class=\"elementor elementor-3567 elementor-1044\" data-elementor-post-type=\"page\">\n\t\t\t\t\t\t<section data-dce-background-overlay-color=\"#0000006B\" data-dce-background-image-url=\"https:\/\/casaentresueveypicos.com\/wp-content\/uploads\/2021\/04\/casa-rural-en-asturias-1.jpg\" class=\"elementor-section elementor-top-section elementor-element elementor-element-5f01c81 elementor-section-full_width elementor-section-content-middle elementor-section-height-min-height elementor-section-height-default elementor-section-items-middle\" data-id=\"5f01c81\" data-element_type=\"section\" data-settings=\"{&quot;background_background&quot;:&quot;classic&quot;,&quot;background_motion_fx_motion_fx_scrolling&quot;:&quot;yes&quot;,&quot;background_motion_fx_translateY_effect&quot;:&quot;yes&quot;,&quot;background_motion_fx_translateY_speed&quot;:{&quot;unit&quot;:&quot;px&quot;,&quot;size&quot;:2,&quot;sizes&quot;:[]},&quot;background_motion_fx_translateY_affectedRange&quot;:{&quot;unit&quot;:&quot;%&quot;,&quot;size&quot;:&quot;&quot;,&quot;sizes&quot;:{&quot;start&quot;:0,&quot;end&quot;:100}},&quot;background_motion_fx_devices&quot;:[&quot;desktop&quot;,&quot;tablet&quot;,&quot;mobile&quot;]}\">\n\t\t\t\t\t\t\t<div class=\"elementor-background-overlay\"><\/div>\n\t\t\t\t\t\t\t<div class=\"elementor-container elementor-column-gap-default\">\n\t\t\t\t\t<div class=\"elementor-column elementor-col-100 elementor-top-column elementor-element elementor-element-033de53\" data-id=\"033de53\" data-element_type=\"column\">\n\t\t\t<div class=\"elementor-widget-wrap elementor-element-populated\">\n\t\t\t\t\t\t<div class=\"elementor-element elementor-element-6b3445e elementor-widget elementor-widget-heading\" data-id=\"6b3445e\" data-element_type=\"widget\" data-widget_type=\"heading.default\">\n\t\t\t\t<div class=\"elementor-widget-container\">\n\t\t\t\t\t<h1 class=\"elementor-heading-title elementor-size-default\">\u00dcber uns<\/h1>\t\t\t\t<\/div>\n\t\t\t\t<\/div>\n\t\t\t\t\t<\/div>\n\t\t<\/div>\n\t\t\t\t\t<\/div>\n\t\t<\/section>\n\t\t\t\t<section class=\"elementor-section elementor-top-section elementor-element elementor-element-2cfdcdeb elementor-section-boxed elementor-section-height-default elementor-section-height-default\" data-id=\"2cfdcdeb\" data-element_type=\"section\">\n\t\t\t\t\t\t<div class=\"elementor-container elementor-column-gap-no\">\n\t\t\t\t\t<div class=\"elementor-column elementor-col-100 elementor-top-column elementor-element elementor-element-6ccce61e\" data-id=\"6ccce61e\" data-element_type=\"column\">\n\t\t\t<div class=\"elementor-widget-wrap elementor-element-populated\">\n\t\t\t\t\t\t<section class=\"elementor-section elementor-inner-section elementor-element elementor-element-55572948 elementor-section-boxed elementor-section-height-default elementor-section-height-default\" data-id=\"55572948\" data-element_type=\"section\">\n\t\t\t\t\t\t<div class=\"elementor-container elementor-column-gap-default\">\n\t\t\t\t\t<div class=\"elementor-column elementor-col-100 elementor-inner-column elementor-element elementor-element-6600b650\" data-id=\"6600b650\" data-element_type=\"column\">\n\t\t\t<div class=\"elementor-widget-wrap elementor-element-populated\">\n\t\t\t\t\t\t<div class=\"elementor-element elementor-element-a632986 elementor-widget elementor-widget-heading\" data-id=\"a632986\" data-element_type=\"widget\" data-widget_type=\"heading.default\">\n\t\t\t\t<div class=\"elementor-widget-container\">\n\t\t\t\t\t<h1 class=\"elementor-heading-title elementor-size-default\">\u00dcber uns<\/h1>\t\t\t\t<\/div>\n\t\t\t\t<\/div>\n\t\t\t\t\t<\/div>\n\t\t<\/div>\n\t\t\t\t\t<\/div>\n\t\t<\/section>\n\t\t\t\t<section class=\"elementor-section elementor-inner-section elementor-element elementor-element-e119976 elementor-section-boxed elementor-section-height-default elementor-section-height-default\" data-id=\"e119976\" data-element_type=\"section\">\n\t\t\t\t\t\t<div class=\"elementor-container elementor-column-gap-default\">\n\t\t\t\t\t<div class=\"elementor-column elementor-col-50 elementor-inner-column elementor-element elementor-element-8916ba4\" data-id=\"8916ba4\" data-element_type=\"column\">\n\t\t\t<div class=\"elementor-widget-wrap elementor-element-populated\">\n\t\t\t\t\t\t<div class=\"elementor-element elementor-element-b13bed7 elementor-widget elementor-widget-text-editor\" data-id=\"b13bed7\" data-element_type=\"widget\" data-widget_type=\"text-editor.default\">\n\t\t\t\t<div class=\"elementor-widget-container\">\n\t\t\t\t\t\t\t\t\t<p>Vor 30 Jahren haben Robert und ich (Rosi) beschlossen hier in Asturien unser Leben gemeinsam zu teilen. So habe ich Deutschland verlassen, dort bin ich geboren und zweisprachig aufgewachsen. Ich habe auch Englisch- und Franz\u00f6sichkenntnisse.<\/p>\n\t\t\t\t\t\t\t\t<\/div>\n\t\t\t\t<\/div>\n\t\t\t\t<div class=\"elementor-element elementor-element-87a2fad elementor-widget elementor-widget-text-editor\" data-id=\"87a2fad\" data-element_type=\"widget\" data-widget_type=\"text-editor.default\">\n\t\t\t\t<div class=\"elementor-widget-container\">\n\t\t\t\t\t\t\t\t\t<p>Bei der Suche nach einem Grundst\u00fcck f\u00fcr den Hausbau, entschieden wir uns sofort einstimmig f\u00fcr dieses aufgrund seiner hervorragenden Lage. Cuadrove\u00f1a es un pueblo muy soleado y tranquilo, con maravillosas vistas al Parque Nacional de los Picos de Europa y a la Sierra del Sueve. Es liegt sehr nahe (3 km) von der Kleinstadt Arriondas entfernt, 20 Gehminuten und 5 Fahrtminuten Ah\u00ed se encuentran todos los servicios que se pueda precisar: Hospital, bancos, farmacias, casa de cultura, telecentro etc. Unser Landhaus befindet sich im Herzen des Ostens von Asturien, ganz in der N\u00e4he aller Sehensw\u00fcrdigkeiten und Abenteueraktivit\u00e4ten. Wir sind nur 10 km von Cangas de On\u00eds, 17 km von der Kantabrichen Autobahn A-8 und der Kantabrischen Meeresk\u00fcste (Ribadesella), 62 km von Oviedo und 65 km von Gij\u00f3n entfernt.<\/p>\n<p>Das Haus ist weit genug von der Stra\u00dfe entfernt, mit gutem Zugang, so dass wir es f\u00fcr das unbeschwerte Aufwachsen unserer damals kleinen Kinder ideal fanden.<\/p>\n\t\t\t\t\t\t\t\t<\/div>\n\t\t\t\t<\/div>\n\t\t\t\t<div class=\"elementor-element elementor-element-2a926bc elementor-widget elementor-widget-image\" data-id=\"2a926bc\" data-element_type=\"widget\" data-widget_type=\"image.default\">\n\t\t\t\t<div class=\"elementor-widget-container\">\n\t\t\t\t\t\t\t\t\t\t\t\t<figure class=\"wp-caption\">\n\t\t\t\t\t\t\t\t\t\t<img fetchpriority=\"high\" decoding=\"async\" width=\"768\" height=\"768\" src=\"https:\/\/casaentresueveypicos.com\/wp-content\/uploads\/2021\/04\/rosi-2-768x768.jpg\" class=\"attachment-medium_large size-medium_large wp-image-3701\" alt=\"rosi\" srcset=\"https:\/\/casaentresueveypicos.com\/wp-content\/uploads\/2021\/04\/rosi-2-768x768.jpg 768w, https:\/\/casaentresueveypicos.com\/wp-content\/uploads\/2021\/04\/rosi-2-300x300.jpg 300w, https:\/\/casaentresueveypicos.com\/wp-content\/uploads\/2021\/04\/rosi-2-150x150.jpg 150w, https:\/\/casaentresueveypicos.com\/wp-content\/uploads\/2021\/04\/rosi-2-600x600.jpg 600w, https:\/\/casaentresueveypicos.com\/wp-content\/uploads\/2021\/04\/rosi-2-100x100.jpg 100w, https:\/\/casaentresueveypicos.com\/wp-content\/uploads\/2021\/04\/rosi-2.jpg 800w\" sizes=\"(max-width: 768px) 100vw, 768px\" \/>\t\t\t\t\t\t\t\t\t\t\t<figcaption class=\"widget-image-caption wp-caption-text\"><\/figcaption>\n\t\t\t\t\t\t\t\t\t\t<\/figure>\n\t\t\t\t\t\t\t\t\t<\/div>\n\t\t\t\t<\/div>\n\t\t\t\t\t<\/div>\n\t\t<\/div>\n\t\t\t\t<div class=\"elementor-column elementor-col-50 elementor-inner-column elementor-element elementor-element-33e05fe\" data-id=\"33e05fe\" data-element_type=\"column\">\n\t\t\t<div class=\"elementor-widget-wrap elementor-element-populated\">\n\t\t\t\t\t\t<div class=\"elementor-element elementor-element-4ce6179 elementor-widget elementor-widget-image\" data-id=\"4ce6179\" data-element_type=\"widget\" data-widget_type=\"image.default\">\n\t\t\t\t<div class=\"elementor-widget-container\">\n\t\t\t\t\t\t\t\t\t\t\t\t\t\t\t<img decoding=\"async\" width=\"800\" height=\"756\" src=\"https:\/\/casaentresueveypicos.com\/wp-content\/uploads\/2021\/03\/casa-rural-picos-de-europa-1.jpg\" class=\"attachment-large size-large wp-image-3017\" alt=\"Landhaus Picos de Europa\" srcset=\"https:\/\/casaentresueveypicos.com\/wp-content\/uploads\/2021\/03\/casa-rural-picos-de-europa-1.jpg 1024w, https:\/\/casaentresueveypicos.com\/wp-content\/uploads\/2021\/03\/casa-rural-picos-de-europa-1-300x284.jpg 300w, https:\/\/casaentresueveypicos.com\/wp-content\/uploads\/2021\/03\/casa-rural-picos-de-europa-1-768x726.jpg 768w, https:\/\/casaentresueveypicos.com\/wp-content\/uploads\/2021\/03\/casa-rural-picos-de-europa-1-600x567.jpg 600w\" sizes=\"(max-width: 800px) 100vw, 800px\" \/>\t\t\t\t\t\t\t\t\t\t\t\t\t\t\t<\/div>\n\t\t\t\t<\/div>\n\t\t\t\t<div class=\"elementor-element elementor-element-115ea38 elementor-widget elementor-widget-text-editor\" data-id=\"115ea38\" data-element_type=\"widget\" data-widget_type=\"text-editor.default\">\n\t\t\t\t<div class=\"elementor-widget-container\">\n\t\t\t\t\t\t\t\t\t<p>Robert, mein Mann , baute unser Haus mit all seiner Liebe und Hingabe an allen Wochenenden und Feiertagen in 5 Jahren seiner Jugend.<\/p>\n<p>Diese Zuneigung und Hingabe merkt man in den vielen Details, die jedem Zimmer eine au\u00dfergew\u00f6hnliche Sch\u00f6nheit und Charme verleihen. Eine l\u00e4ndliche Unterkunft, die Zuneigung und N\u00e4he vermittelt.<\/p>\n<p><span style=\"font-family: var( --e-global-typography-a417d5e-font-family ), Sans-serif; font-size: var( --e-global-typography-a417d5e-font-size ); letter-spacing: var( --e-global-typography-a417d5e-letter-spacing );\">Jetzt sind unsere Kinder erwachsen und unabh\u00e4ngig geworden. Deshalb haben wir beschlossen, in ein kleineres Haus zu ziehen und dies mit unseren G\u00e4sten zu teilen.<\/span><\/p>\n<p>Mein Mann ist weiterhin im Baugewerbe t\u00e4tig und ich bem\u00fche mich darum, dass Sie sich bei uns wie zuhause f\u00fchlen.<\/p>\n\t\t\t\t\t\t\t\t<\/div>\n\t\t\t\t<\/div>\n\t\t\t\t\t<\/div>\n\t\t<\/div>\n\t\t\t\t\t<\/div>\n\t\t<\/section>\n\t\t\t\t\t<\/div>\n\t\t<\/div>\n\t\t\t\t\t<\/div>\n\t\t<\/section>\n\t\t\t\t<\/div>\n\t\t","protected":false},"excerpt":{"rendered":"<p>\u00dcber uns \u00dcber uns Vor 30 Jahren haben Robert und ich (Rosi) beschlossen hier in Asturien unser Leben gemeinsam zu teilen. So habe ich Deutschland verlassen, dort bin ich geboren und zweisprachig aufgewachsen. Ich habe auch Englisch- und Franz\u00f6sichkenntnisse. Bei der Suche nach einem Grundst\u00fcck f\u00fcr den Hausbau, entschieden wir uns sofort einstimmig f\u00fcr dieses [&hellip;]<\/p>\n","protected":false},"author":1,"featured_media":0,"parent":0,"menu_order":0,"comment_status":"closed","ping_status":"closed","template":"elementor_header_footer","meta":{"_joinchat":[],"footnotes":""},"class_list":["post-3567","page","type-page","status-publish","hentry"],"yoast_head":"<!-- This site is optimized with the Yoast SEO plugin v25.1 - https:\/\/yoast.com\/wordpress\/plugins\/seo\/ -->\n<title>l\u00e4ndliche Unterkunft zur vollen Vermietung - Casa entre Sueve y Picos<\/title>\n<meta name=\"description\" content=\"l\u00e4ndliches komplettes Ferienhaus in Asturien Wenn Sie mitten in der Natur sein m\u00f6chten, ist &quot;Casa entre Sueve y Picos&quot; Ihr Ferienhaus. Jetzt buchen.\" \/>\n<meta name=\"robots\" content=\"index, follow, max-snippet:-1, max-image-preview:large, max-video-preview:-1\" \/>\n<link rel=\"canonical\" href=\"https:\/\/casaentresueveypicos.com\/de\/ueber-uns\/\" \/>\n<meta property=\"og:locale\" content=\"de_DE\" \/>\n<meta property=\"og:type\" content=\"article\" \/>\n<meta property=\"og:title\" content=\"Ferienhaus in Asturien\" \/>\n<meta property=\"og:description\" content=\"l\u00e4ndliches komplettes Ferienhaus in Asturien Wenn Sie mitten in der Natur sein m\u00f6chten, ist &quot;Casa entre Sueve y Picos&quot; Ihr Ferienhaus. Jetzt buchen.\" \/>\n<meta property=\"og:url\" content=\"https:\/\/casaentresueveypicos.com\/de\/ueber-uns\/\" \/>\n<meta property=\"og:site_name\" content=\"Casa entre Sueve y Picos\" \/>\n<meta property=\"article:modified_time\" content=\"2021-05-11T09:37:11+00:00\" \/>\n<meta property=\"og:image\" content=\"https:\/\/casaentresueveypicos.com\/wp-content\/uploads\/2021\/03\/Fachada-Sur.jpg\" \/>\n<meta name=\"twitter:card\" content=\"summary_large_image\" \/>\n<meta name=\"twitter:label1\" content=\"Gesch\u00e4tzte Lesezeit\" \/>\n\t<meta name=\"twitter:data1\" content=\"2\u00a0Minuten\" \/>\n<script type=\"application\/ld+json\" class=\"yoast-schema-graph\">{\"@context\":\"https:\/\/schema.org\",\"@graph\":[{\"@type\":\"WebPage\",\"@id\":\"https:\/\/casaentresueveypicos.com\/de\/ueber-uns\/\",\"url\":\"https:\/\/casaentresueveypicos.com\/de\/ueber-uns\/\",\"name\":\"l\u00e4ndliche Unterkunft zur vollen Vermietung - Casa entre Sueve y Picos\",\"isPartOf\":{\"@id\":\"https:\/\/casaentresueveypicos.com\/de\/#website\"},\"primaryImageOfPage\":{\"@id\":\"https:\/\/casaentresueveypicos.com\/de\/ueber-uns\/#primaryimage\"},\"image\":{\"@id\":\"https:\/\/casaentresueveypicos.com\/de\/ueber-uns\/#primaryimage\"},\"thumbnailUrl\":\"https:\/\/casaentresueveypicos.com\/wp-content\/uploads\/2021\/04\/rosi-2-768x768.jpg\",\"datePublished\":\"2021-04-17T20:25:19+00:00\",\"dateModified\":\"2021-05-11T09:37:11+00:00\",\"description\":\"l\u00e4ndliches komplettes Ferienhaus in Asturien Wenn Sie mitten in der Natur sein m\u00f6chten, ist \\\"Casa entre Sueve y Picos\\\" Ihr Ferienhaus. Jetzt buchen.\",\"breadcrumb\":{\"@id\":\"https:\/\/casaentresueveypicos.com\/de\/ueber-uns\/#breadcrumb\"},\"inLanguage\":\"de\",\"potentialAction\":[{\"@type\":\"ReadAction\",\"target\":[\"https:\/\/casaentresueveypicos.com\/de\/ueber-uns\/\"]}]},{\"@type\":\"ImageObject\",\"inLanguage\":\"de\",\"@id\":\"https:\/\/casaentresueveypicos.com\/de\/ueber-uns\/#primaryimage\",\"url\":\"https:\/\/casaentresueveypicos.com\/wp-content\/uploads\/2021\/04\/rosi-2-768x768.jpg\",\"contentUrl\":\"https:\/\/casaentresueveypicos.com\/wp-content\/uploads\/2021\/04\/rosi-2-768x768.jpg\"},{\"@type\":\"BreadcrumbList\",\"@id\":\"https:\/\/casaentresueveypicos.com\/de\/ueber-uns\/#breadcrumb\",\"itemListElement\":[{\"@type\":\"ListItem\",\"position\":1,\"name\":\"Inicio\",\"item\":\"https:\/\/casaentresueveypicos.com\/de\/\"},{\"@type\":\"ListItem\",\"position\":2,\"name\":\"\u00dcber uns\"}]},{\"@type\":\"WebSite\",\"@id\":\"https:\/\/casaentresueveypicos.com\/de\/#website\",\"url\":\"https:\/\/casaentresueveypicos.com\/de\/\",\"name\":\"Casa entre Sueve y Picos\",\"description\":\"Casa Rural en Arriondas\",\"potentialAction\":[{\"@type\":\"SearchAction\",\"target\":{\"@type\":\"EntryPoint\",\"urlTemplate\":\"https:\/\/casaentresueveypicos.com\/de\/?s={search_term_string}\"},\"query-input\":{\"@type\":\"PropertyValueSpecification\",\"valueRequired\":true,\"valueName\":\"search_term_string\"}}],\"inLanguage\":\"de\"}]}<\/script>\n<!-- \/ Yoast SEO plugin. -->","yoast_head_json":{"title":"l\u00e4ndliche Unterkunft zur vollen Vermietung - Casa entre Sueve y Picos","description":"l\u00e4ndliches komplettes Ferienhaus in Asturien Wenn Sie mitten in der Natur sein m\u00f6chten, ist \"Casa entre Sueve y Picos\" Ihr Ferienhaus. Jetzt buchen.","robots":{"index":"index","follow":"follow","max-snippet":"max-snippet:-1","max-image-preview":"max-image-preview:large","max-video-preview":"max-video-preview:-1"},"canonical":"https:\/\/casaentresueveypicos.com\/de\/ueber-uns\/","og_locale":"de_DE","og_type":"article","og_title":"Ferienhaus in Asturien","og_description":"l\u00e4ndliches komplettes Ferienhaus in Asturien Wenn Sie mitten in der Natur sein m\u00f6chten, ist \"Casa entre Sueve y Picos\" Ihr Ferienhaus. Jetzt buchen.","og_url":"https:\/\/casaentresueveypicos.com\/de\/ueber-uns\/","og_site_name":"Casa entre Sueve y Picos","article_modified_time":"2021-05-11T09:37:11+00:00","og_image":[{"url":"https:\/\/casaentresueveypicos.com\/wp-content\/uploads\/2021\/03\/Fachada-Sur.jpg","type":"","width":"","height":""}],"twitter_card":"summary_large_image","twitter_misc":{"Gesch\u00e4tzte Lesezeit":"2\u00a0Minuten"},"schema":{"@context":"https:\/\/schema.org","@graph":[{"@type":"WebPage","@id":"https:\/\/casaentresueveypicos.com\/de\/ueber-uns\/","url":"https:\/\/casaentresueveypicos.com\/de\/ueber-uns\/","name":"l\u00e4ndliche Unterkunft zur vollen Vermietung - Casa entre Sueve y Picos","isPartOf":{"@id":"https:\/\/casaentresueveypicos.com\/de\/#website"},"primaryImageOfPage":{"@id":"https:\/\/casaentresueveypicos.com\/de\/ueber-uns\/#primaryimage"},"image":{"@id":"https:\/\/casaentresueveypicos.com\/de\/ueber-uns\/#primaryimage"},"thumbnailUrl":"https:\/\/casaentresueveypicos.com\/wp-content\/uploads\/2021\/04\/rosi-2-768x768.jpg","datePublished":"2021-04-17T20:25:19+00:00","dateModified":"2021-05-11T09:37:11+00:00","description":"l\u00e4ndliches komplettes Ferienhaus in Asturien Wenn Sie mitten in der Natur sein m\u00f6chten, ist \"Casa entre Sueve y Picos\" Ihr Ferienhaus. Jetzt buchen.","breadcrumb":{"@id":"https:\/\/casaentresueveypicos.com\/de\/ueber-uns\/#breadcrumb"},"inLanguage":"de","potentialAction":[{"@type":"ReadAction","target":["https:\/\/casaentresueveypicos.com\/de\/ueber-uns\/"]}]},{"@type":"ImageObject","inLanguage":"de","@id":"https:\/\/casaentresueveypicos.com\/de\/ueber-uns\/#primaryimage","url":"https:\/\/casaentresueveypicos.com\/wp-content\/uploads\/2021\/04\/rosi-2-768x768.jpg","contentUrl":"https:\/\/casaentresueveypicos.com\/wp-content\/uploads\/2021\/04\/rosi-2-768x768.jpg"},{"@type":"BreadcrumbList","@id":"https:\/\/casaentresueveypicos.com\/de\/ueber-uns\/#breadcrumb","itemListElement":[{"@type":"ListItem","position":1,"name":"Inicio","item":"https:\/\/casaentresueveypicos.com\/de\/"},{"@type":"ListItem","position":2,"name":"\u00dcber uns"}]},{"@type":"WebSite","@id":"https:\/\/casaentresueveypicos.com\/de\/#website","url":"https:\/\/casaentresueveypicos.com\/de\/","name":"Casa entre Sueve y Picos","description":"Casa Rural en Arriondas","potentialAction":[{"@type":"SearchAction","target":{"@type":"EntryPoint","urlTemplate":"https:\/\/casaentresueveypicos.com\/de\/?s={search_term_string}"},"query-input":{"@type":"PropertyValueSpecification","valueRequired":true,"valueName":"search_term_string"}}],"inLanguage":"de"}]}},"_links":{"self":[{"href":"https:\/\/casaentresueveypicos.com\/de\/wp-json\/wp\/v2\/pages\/3567","targetHints":{"allow":["GET"]}}],"collection":[{"href":"https:\/\/casaentresueveypicos.com\/de\/wp-json\/wp\/v2\/pages"}],"about":[{"href":"https:\/\/casaentresueveypicos.com\/de\/wp-json\/wp\/v2\/types\/page"}],"author":[{"embeddable":true,"href":"https:\/\/casaentresueveypicos.com\/de\/wp-json\/wp\/v2\/users\/1"}],"replies":[{"embeddable":true,"href":"https:\/\/casaentresueveypicos.com\/de\/wp-json\/wp\/v2\/comments?post=3567"}],"version-history":[{"count":5,"href":"https:\/\/casaentresueveypicos.com\/de\/wp-json\/wp\/v2\/pages\/3567\/revisions"}],"predecessor-version":[{"id":4687,"href":"https:\/\/casaentresueveypicos.com\/de\/wp-json\/wp\/v2\/pages\/3567\/revisions\/4687"}],"wp:attachment":[{"href":"https:\/\/casaentresueveypicos.com\/de\/wp-json\/wp\/v2\/media?parent=3567"}],"curies":[{"name":"wp","href":"https:\/\/api.w.org\/{rel}","templated":true}]}}